{"id":14833,"date":"2021-05-19T19:36:21","date_gmt":"2021-05-19T23:36:21","guid":{"rendered":"https:\/\/lozadausa.com\/inicio\/"},"modified":"2022-01-30T00:30:29","modified_gmt":"2022-01-30T04:30:29","slug":"inicio","status":"publish","type":"page","link":"https:\/\/lozadausa.com\/es\/","title":{"rendered":"Inicio"},"content":{"rendered":"<p>[vc_row gap=&#8221;0&#8243; css=&#8221;.vc_custom_1619578271051{padding-top: 24px !important;}&#8221;][vc_column animation_delay=&#8221;0&#8243; offset=&#8221;vc_col-lg-9 vc_col-md-9 vc_col-xs-12&#8243;]<h6 class=\"et-highlight-title \" style=\"font-size:12px;font-weight:700;line-height:24px;letter-spacing:0.5px;color:#9a9a9a;\" data-mobile-font=\"inherit\" data-tablet-font=\"inherit\"><span class=\"title-inner\">Lozada Transportation Services<span class=\"highlight-line\" style=\"background-color:#d70808;\"><\/span><\/span><\/h6><h3 id=\"et-animated-title-1\" class=\"et-animated-title et-clearfix  words-direct\" data-mobile-font=\"32px\" data-tablet-font=\"inherit\" data-delay=\"100\" style=\"font-size:48px;font-weight:700;line-height:56px;color:#212121;\"><span class=\"text-wrapper\"><span class=\"text\">Resumen de Servicios<br \/>\n<\/span><\/span><\/h3>[\/vc_column][vc_column animation_delay=&#8221;0&#8243; width=&#8221;1\/4&#8243; offset=&#8221;vc_hidden-lg vc_hidden-md vc_hidden-sm vc_hidden-xs&#8221;][\/vc_column][\/vc_row][vc_row css=&#8221;.vc_custom_1619577258518{padding-top: 25px !important;}&#8221;][vc_column animation_delay=&#8221;0&#8243; offset=&#8221;vc_col-lg-4 vc_col-md-4 vc_col-xs-12&#8243;]<div class=\"et-stylish-box stylish-hover left\"><a href=\"\/es\/servicios\/carga-maritima\/\" target=\"_self\"><div class=\"image post-image\"><div class=\"image-container\"><img width=\"720\" height=\"480\" src=\"https:\/\/lozadausa.com\/wp-content\/uploads\/2021\/05\/ocean-freight-services-home.jpg\" alt=\"\"><\/div><\/div><div class=\"stylish-line-box\"><div class=\"stylish-line-wrapper\"><div class=\"stylish-line\"><span class=\"stylish-line-ghost\"><span class=\"stylish-line-ghost-before\"><\/span><span class=\"stylish-line-ghost-middle\"><\/span><span class=\"stylish-line-ghost-after\"><\/span><\/span><h5 class=\"stylish-title\" style=\"\" data-mobile-font=\"16px\" data-tablet-font=\"inherit\">Carga Mar\u00edtima<\/h5><\/div><\/div><\/div><\/a><\/div>[\/vc_column][vc_column animation_delay=&#8221;0&#8243; offset=&#8221;vc_col-lg-4 vc_col-md-4 vc_col-xs-12&#8243;]<div class=\"et-stylish-box stylish-hover left\"><a href=\"\/es\/servicios\/envio-internacional-de-automoviles\/\" target=\"_self\"><div class=\"image post-image\"><div class=\"image-container\"><img width=\"720\" height=\"480\" src=\"https:\/\/lozadausa.com\/wp-content\/uploads\/2021\/05\/international-car-shipipng-services-home.jpg\" alt=\"\"><\/div><\/div><div class=\"stylish-line-box\"><div class=\"stylish-line-wrapper\"><div class=\"stylish-line\"><span class=\"stylish-line-ghost\"><span class=\"stylish-line-ghost-before\"><\/span><span class=\"stylish-line-ghost-middle\"><\/span><span class=\"stylish-line-ghost-after\"><\/span><\/span><h5 class=\"stylish-title\" style=\"\" data-mobile-font=\"16px\" data-tablet-font=\"inherit\">Env\u00edo Internacional de Autom\u00f3viles<\/h5><\/div><\/div><\/div><\/a><\/div>[\/vc_column][vc_column animation_delay=&#8221;0&#8243; offset=&#8221;vc_col-lg-4 vc_col-md-4 vc_col-xs-12&#8243;]<div class=\"et-stylish-box stylish-hover left\"><a href=\"\/es\/servicios\/seguro-de-carga\/\" target=\"_self\"><div class=\"image post-image\"><div class=\"image-container\"><img width=\"720\" height=\"480\" src=\"https:\/\/lozadausa.com\/wp-content\/uploads\/2021\/05\/cargo-insurance-services-home.jpg\" alt=\"\"><\/div><\/div><div class=\"stylish-line-box\"><div class=\"stylish-line-wrapper\"><div class=\"stylish-line\"><span class=\"stylish-line-ghost\"><span class=\"stylish-line-ghost-before\"><\/span><span class=\"stylish-line-ghost-middle\"><\/span><span class=\"stylish-line-ghost-after\"><\/span><\/span><h5 class=\"stylish-title\" style=\"\" data-mobile-font=\"16px\" data-tablet-font=\"inherit\">Seguro de Carga<\/h5><\/div><\/div><\/div><\/a><\/div>[\/vc_column][\/vc_row][vc_row css=&#8221;.vc_custom_1530799966742{padding-top: 0px !important;}&#8221;][vc_column animation_delay=&#8221;0&#8243;]<div class=\"et-stylish-box stylish-hover right\"><a href=\"\/es\/servicios\/contenedorizacion-de-equipos-pesados\/\" target=\"_self\"><div class=\"image post-image\"><div class=\"image-container\"><img width=\"1920\" height=\"700\" src=\"https:\/\/lozadausa.com\/wp-content\/uploads\/2021\/05\/containerization-of-heavy-equipment-services.jpg\" alt=\"\"><\/div><\/div><div class=\"stylish-line-box\"><div class=\"stylish-line-wrapper\"><div class=\"stylish-line\"><span class=\"stylish-line-ghost\"><span class=\"stylish-line-ghost-before\"><\/span><span class=\"stylish-line-ghost-middle\"><\/span><span class=\"stylish-line-ghost-after\"><\/span><\/span><h5 class=\"stylish-title\" style=\"\" data-mobile-font=\"16px\" data-tablet-font=\"inherit\">Containerizaci\u00f3n de Equipos Pesados<\/h5><\/div><\/div><\/div><\/a><\/div>[\/vc_column][\/vc_row][vc_row css=&#8221;.vc_custom_1530799966742{padding-top: 0px !important;}&#8221;][vc_column animation_delay=&#8221;0&#8243;]<div class=\"et-stylish-box stylish-hover right\"><a href=\"\/es\/servicios\/transporte-de-vehiculos-y-equipo-pesado\/\" target=\"_self\"><div class=\"image post-image\"><div class=\"image-container\"><img width=\"1920\" height=\"700\" src=\"https:\/\/lozadausa.com\/wp-content\/uploads\/2021\/05\/auto-and-heavy-equipment-transport-services.jpg\" alt=\"\"><\/div><\/div><div class=\"stylish-line-box\"><div class=\"stylish-line-wrapper\"><div class=\"stylish-line\"><span class=\"stylish-line-ghost\"><span class=\"stylish-line-ghost-before\"><\/span><span class=\"stylish-line-ghost-middle\"><\/span><span class=\"stylish-line-ghost-after\"><\/span><\/span><h5 class=\"stylish-title\" style=\"\" data-mobile-font=\"16px\" data-tablet-font=\"inherit\">Transporte de Veh\u00edculos y Equipo Pesado<\/h5><\/div><\/div><\/div><\/a><\/div>[\/vc_column][\/vc_row][vc_row][vc_column]<div class=\"sep-wrap center  et-clearfix\"><div class=\"et-separator-dottes\" style=\"background-color:#e0e0e0;margin-top:12px;margin-bottom:24px;\"><\/div><\/div>[\/vc_column][\/vc_row][vc_row gap=&#8221;0&#8243;][vc_column animation_delay=&#8221;0&#8243;]<div class=\"et-tagline-wrapper\"><style>#et-tagline-1 {background-color:#f5f5f5;}#et-tagline-1 .tagline-title{color:#212121;}#et-tagline-1 .tagline-button{color:#ffffff;background-color:#d70808;}#et-tagline-1 .tagline-button:hover{background-color:#003399;color:#ffffff;}#et-tagline-1 .tagline-icon{color:#043eb2;}<\/style><div id=\"et-tagline-1\" class=\"et-tagline\"><div class=\"tagline-container\"><span class=\"tagline-icon et-icon globax icon-gx-container-hanging-of-a-crane\"><\/span><h3 class=\"tagline-title\">Tienes un Trabajo. Tenemos la soluci\u00f3n.<\/h3><div class=\"tagline-button-wrapper\"><a href=\"\/es\/contactenos\/formularios-de-cotizacion-y-contacto\/\" class=\"tagline-button et-button large\">Solicitar Cotizaci\u00f3n<\/a><\/div><\/div><\/div><\/div>[\/vc_column][\/vc_row][vc_row][vc_column]<div class=\"sep-wrap center  et-clearfix\"><div class=\"et-separator-dottes\" style=\"background-color:#e0e0e0;margin-top:24px;margin-bottom:24px;\"><\/div><\/div>[\/vc_column][\/vc_row][vc_row gap=&#8221;40&#8243; content_placement=&#8221;middle&#8221; css=&#8221;.vc_custom_1619576348796{padding-bottom: 48px !important;}&#8221;][vc_column animation_delay=&#8221;0&#8243; offset=&#8221;vc_col-lg-4 vc_col-md-12 vc_col-xs-12&#8243;]<h6 class=\"et-highlight-title \" style=\"font-size:12px;font-weight:700;line-height:24px;letter-spacing:0.5px;color:#9a9a9a;\" data-mobile-font=\"inherit\" data-tablet-font=\"inherit\"><span class=\"title-inner\">SOBRE NOSOTROS<span class=\"highlight-line\" style=\"background-color:#d70808;\"><\/span><\/span><\/h6><h3 id=\"et-animated-title-2\" class=\"et-animated-title et-clearfix  words-direct\" data-mobile-font=\"inherit\" data-tablet-font=\"inherit\" data-delay=\"100\" style=\"font-size:27px;font-weight:700;line-height:37px;color:#212121;\"><span class=\"text-wrapper\"><span class=\"text\"><span class=\"highlight\" style=\"color: #d70808;\">LOZADA<\/span> TRANSPORTATION SERVICES<\/span><\/span><\/h3><div class=\"gap et-clearfix \" style=\"height:24px\"><\/div>[vc_column_text]<\/p>\n<p style=\"font-size: 24px; line-height: 32px;\">Tu compa\u00f1ero log\u00edstico.<\/p>\n<p>[\/vc_column_text][vc_column_text css=&#8221;.vc_custom_1620188686456{margin-bottom: 0px !important;}&#8221;]<\/p>\n<p style=\"font-size: 18px; line-height: 32px;\">Lozada Transportation Services es un Transportista Com\u00fan No Operativo de Embarcaciones (NVOCC) acreditado con sede en el norte de Virginia, ESTADOS UNIDOS. Desarrollada en 2002 e incorporada en 2004, Lozada Transportation Services comenz\u00f3 como una peque\u00f1a empresa de transporte de carga con el objetivo de ofrecer una soluci\u00f3n econ\u00f3mica y confiable para enviar carga mar\u00edtima desde el \u00e1rea de Nueva Inglaterra a la naci\u00f3n sin litoral de Bolivia.<\/p>\n<p>[\/vc_column_text][\/vc_column][vc_column animation_delay=&#8221;0&#8243; css_animation=&#8221;none&#8221; offset=&#8221;vc_col-lg-4 vc_col-md-12 vc_col-xs-12&#8243;][vc_column_text css=&#8221;.vc_custom_1620188697263{margin-bottom: 0px !important;}&#8221;]<\/p>\n<p style=\"font-size: 18px; line-height: 32px;\">Durante m\u00e1s de una d\u00e9cada, Lozada Transportation Services ha mantenido una reputaci\u00f3n en l\u00ednea de servicio superior que contin\u00faa salvaguardando una base de clientes dedicada con la comunidad boliviana en los Estados Unidos. Durante el mismo per\u00edodo, mediante el uso de asociaciones estrat\u00e9gicas con los principales transportistas mar\u00edtimos, Lozada Transportation Services ha aumentado el servicio a la mayor\u00eda de los pa\u00edses de Am\u00e9rica Latina y tambi\u00e9n a \u00c1frica. El grupo log\u00edstico de Lozada Transportation Services est\u00e1 comprometido a trabajar con cada cliente para brindar una de las soluciones personalizadas m\u00e1s confiables, y tambi\u00e9n dedicado a la mejora constante del servicio a nuestros clientes.<\/p>\n<p>[\/vc_column_text][\/vc_column][vc_column animation_delay=&#8221;0&#8243; offset=&#8221;vc_col-lg-4 vc_col-md-12 vc_col-xs-12&#8243;]<div class=\"et-content-box-alt-wrapper\"><div id=\"et-content-box-alt-1\" class=\"et-content-box-alt et-item-set et-clearfix hover-icon effect-type-sequential effect-moveUp\" data-columns=\"1\"><div class=\"box-item-alt-wrapper et-item et-box-item-alt\"><style>#box-item-alt-1 .box-item-alt-content-wrapper {background-color:#043eb2;}#box-item-alt-1 .box-icon {color:#003399;}<\/style><div id=\"box-item-alt-1\"  class=\"box-item-alt-inner et-item-inner\"><div class=\"box-item-alt-content-wrapper et-clearfix\"><div class=\"box-item-content et-clearfix\"><h5 class=\"et-highlight-title \" style=\"font-weight:700;color:#ffffff;\" data-mobile-font=\"inherit\" data-tablet-font=\"inherit\"><span class=\"title-inner\">Rastreo de env\u00edo<span class=\"highlight-line\" style=\"background-color:#d70808;\"><\/span><\/span><\/h5><div class=\"gap et-clearfix \" style=\"height:16px\"><\/div>[vc_column_text]<span style=\"color: #ffffff;\">Para rastrear su carga, necesitar\u00e1 un n\u00famero de reserva o de contenedor.<\/span>[\/vc_column_text]<a target=\"_self\" href=\"https:\/\/lozadausa.com\/tracking\/\" id=\"et-button-1\" style=\"color:#ffffff;font-weight:700 !important;\" class=\"et-button  theme-button icon-position-left modal-false medium hover-none false click-none\" data-color=\"#ffffff\" data-colorhover=\"#212121\"><span style=\"background-color:#ffffff !important;\" class=\"hover\"><\/span><span style=\"box-shadow:inset 0 0 0 1px #ffffff  !important;\" class=\"regular\"><\/span><span class=\"text\">ENCUENTRA TU CARGA<\/span><\/a><\/div><span class=\"et-icon box-icon globax icon-gx-airplane-around-earth\"><\/span><\/div><\/div><\/div><\/div><\/div><div class=\"gap et-clearfix \" style=\"height:40px\"><\/div><div class=\"et-content-box-alt-wrapper\"><div id=\"et-content-box-alt-2\" class=\"et-content-box-alt et-item-set et-clearfix hover-icon effect-type-sequential effect-moveUp\" data-columns=\"1\"><div class=\"box-item-alt-wrapper et-item et-box-item-alt\"><style>#box-item-alt-2 .box-item-alt-content-wrapper {background-color:#f5f5f5;}#box-item-alt-2 .box-icon {color:#e5e5e5;}<\/style><div id=\"box-item-alt-2\"  class=\"box-item-alt-inner et-item-inner\"><div class=\"box-item-alt-content-wrapper et-clearfix\"><div class=\"box-item-content et-clearfix\"><h5 class=\"et-highlight-title \" style=\"font-weight:700;color:#212121;\" data-mobile-font=\"inherit\" data-tablet-font=\"inherit\"><span class=\"title-inner\">\u00bfTiene una pregunta?<span class=\"highlight-line\" style=\"background-color:#d70808;\"><\/span><\/span><\/h5><div class=\"gap et-clearfix \" style=\"height:16px\"><\/div>[vc_column_text]Estamos aqu\u00ed para responder cualquier pregunta.[\/vc_column_text]<a target=\"_self\" href=\"\/es\/contactenos\/formularios-de-cotizacion-y-contacto\/\" id=\"et-button-2\" style=\"color:#9a9a9a;font-weight:700 !important;\" class=\"et-button  theme-button icon-position-left modal-false medium hover-none false click-none\" data-color=\"#9a9a9a\" data-colorhover=\"#ffffff\"><span style=\"background-color:#d70808 !important;\" class=\"hover\"><\/span><span style=\"box-shadow:inset 0 0 0 1px #9a9a9a  !important;\" class=\"regular\"><\/span><span class=\"text\">Cont\u00e1ctenos<\/span><\/a><\/div><span class=\"et-icon box-icon globax icon-gx-call-center-worker-with-headset\"><\/span><\/div><\/div><\/div><\/div><\/div>[\/vc_column][\/vc_row]<\/p>\n","protected":false},"excerpt":{"rendered":"<p>[vc_row gap=&#8221;0&#8243; css=&#8221;.vc_custom_1619578271051{padding-top: 24px !important;}&#8221;][vc_column animation_delay=&#8221;0&#8243; offset=&#8221;vc_col-lg-9 vc_col-md-9 vc_col-xs-12&#8243;][\/vc_column][vc_column animation_delay=&#8221;0&#8243; width=&#8221;1\/4&#8243; offset=&#8221;vc_hidden-lg vc_hidden-md vc_hidden-sm vc_hidden-xs&#8221;][\/vc_column][\/vc_row][vc_row css=&#8221;.vc_custom_1619577258518{padding-top: 25px !important;}&#8221;][vc_column animation_delay=&#8221;0&#8243; offset=&#8221;vc_col-lg-4 vc_col-md-4 vc_col-xs-12&#8243;][\/vc_column][vc_column animation_delay=&#8221;0&#8243; offset=&#8221;vc_col-lg-4 vc_col-md-4 vc_col-xs-12&#8243;][\/vc_column][vc_column animation_delay=&#8221;0&#8243; offset=&#8221;vc_col-lg-4 vc_col-md-4 vc_col-xs-12&#8243;][\/vc_column][\/vc_row][vc_row css=&#8221;.vc_custom_1530799966742{padding-top: 0px !important;}&#8221;][vc_column animation_delay=&#8221;0&#8243;][\/vc_column][\/vc_row][vc_row css=&#8221;.vc_custom_1530799966742{padding-top: 0px !important;}&#8221;][vc_column animation_delay=&#8221;0&#8243;][\/vc_column][\/vc_row][vc_row][vc_column][\/vc_column][\/vc_row][vc_row gap=&#8221;0&#8243;][vc_column animation_delay=&#8221;0&#8243;][\/vc_column][\/vc_row][vc_row][vc_column][\/vc_column][\/vc_row][vc_row gap=&#8221;40&#8243; content_placement=&#8221;middle&#8221; css=&#8221;.vc_custom_1619576348796{padding-bottom: 48px !important;}&#8221;][vc_column animation_delay=&#8221;0&#8243; offset=&#8221;vc_col-lg-4 vc_col-md-12 vc_col-xs-12&#8243;][vc_column_text] Tu compa\u00f1ero log\u00edstico. [\/vc_column_text][vc_column_text css=&#8221;.vc_custom_1620188686456{margin-bottom: 0px [&hellip;]<\/p>\n","protected":false},"author":1,"featured_media":0,"parent":0,"menu_order":1,"comment_status":"closed","ping_status":"closed","template":"page-vc.php","meta":[],"_links":{"self":[{"href":"https:\/\/lozadausa.com\/es\/wp-json\/wp\/v2\/pages\/14833"}],"collection":[{"href":"https:\/\/lozadausa.com\/es\/wp-json\/wp\/v2\/pages"}],"about":[{"href":"https:\/\/lozadausa.com\/es\/wp-json\/wp\/v2\/types\/page"}],"author":[{"embeddable":true,"href":"https:\/\/lozadausa.com\/es\/wp-json\/wp\/v2\/users\/1"}],"replies":[{"embeddable":true,"href":"https:\/\/lozadausa.com\/es\/wp-json\/wp\/v2\/comments?post=14833"}],"version-history":[{"count":3,"href":"https:\/\/lozadausa.com\/es\/wp-json\/wp\/v2\/pages\/14833\/revisions"}],"predecessor-version":[{"id":15499,"href":"https:\/\/lozadausa.com\/es\/wp-json\/wp\/v2\/pages\/14833\/revisions\/15499"}],"wp:attachment":[{"href":"https:\/\/lozadausa.com\/es\/wp-json\/wp\/v2\/media?parent=14833"}],"curies":[{"name":"wp","href":"https:\/\/api.w.org\/{rel}","templated":true}]}}