{"id":14980,"date":"2021-05-19T21:50:59","date_gmt":"2021-05-20T01:50:59","guid":{"rendered":"https:\/\/lozadausa.com\/contactenos\/formulario-de-solicitud-de-contacto-y-cotizacion\/"},"modified":"2022-02-12T23:09:08","modified_gmt":"2022-02-13T03:09:08","slug":"formularios-de-cotizacion-y-contacto","status":"publish","type":"page","link":"https:\/\/lozadausa.com\/es\/contactenos\/formularios-de-cotizacion-y-contacto\/","title":{"rendered":"Formularios de cotizaci\u00f3n y contacto"},"content":{"rendered":"<p>[vc_row][vc_column]<h5 class=\"et-highlight-title \" style=\"font-weight:700;color:#9a9a9a;\" data-mobile-font=\"inherit\" data-tablet-font=\"inherit\"><span class=\"title-inner\">Cotizaci\u00f3n Transporte Nacional<span class=\"highlight-line\" style=\"background-color:#d70808;\"><\/span><\/span><\/h5><h1 id=\"et-animated-title-1\" class=\"et-animated-title et-clearfix  curtain curtain-left\" data-mobile-font=\"inherit\" data-tablet-font=\"inherit\" data-delay=\"0\" style=\"font-weight:700;color:#000000;\"><span class=\"text-wrapper\"><span class=\"text\">Servicios Nacionales<\/span><span class=\"curtain\" style=\"background-color:#d70808;\"><\/span><\/span><\/h1>[\/vc_column][\/vc_row][vc_row gap=&#8221;40&#8243; content_placement=&#8221;middle&#8221; css=&#8221;.vc_custom_1643412664853{padding-bottom: 24px !important;}&#8221;][vc_column animation_delay=&#8221;0&#8243; offset=&#8221;vc_col-lg-4 vc_col-md-12 vc_col-xs-12&#8243;]<div class=\"et-content-box-alt-wrapper\"><div id=\"et-content-box-alt-1\" class=\"et-content-box-alt et-item-set et-clearfix hover-icon effect-type-sequential effect-none\" data-columns=\"1\"><div class=\"box-item-alt-wrapper et-item et-box-item-alt\"><style>#box-item-alt-1 .box-item-alt-content-wrapper {background-color:#f5f5f5;}#box-item-alt-1 .box-icon {color:#d70808;}<\/style><div id=\"box-item-alt-1\"  class=\"box-item-alt-inner et-item-inner\"><div class=\"box-item-alt-content-wrapper et-clearfix\"><div class=\"box-item-content et-clearfix\"><h5 class=\"et-highlight-title \" style=\"font-weight:700;color:#212121;\" data-mobile-font=\"inherit\" data-tablet-font=\"inherit\"><span class=\"title-inner\">Coche | Veh\u00edculo<span class=\"highlight-line\" style=\"background-color:#d70808;\"><\/span><\/span><\/h5><div class=\"gap et-clearfix \" style=\"height:16px\"><\/div>[vc_column_text]Solicite una cotizaci\u00f3n para el env\u00edo de autom\u00f3viles u otros veh\u00edculos (e.g., motocicletas) a cualquier parte de los Estados Unidos.[\/vc_column_text]<a target=\"_self\" href=\"\/es\/contactenos\/formularios-de-cotizacion-y-contacto\/cotizacion-de-coche\/\" id=\"et-button-1\" style=\"color:#616161;font-weight:700 !important;\" class=\"et-button  theme-button icon-position-left modal-false medium hover-none false click-none\" data-color=\"#616161\" data-colorhover=\"#ffffff\"><span style=\"background-color:#d70808 !important;\" class=\"hover\"><\/span><span style=\"box-shadow:inset 0 0 0 1px #616161  !important;\" class=\"regular\"><\/span><span class=\"text\">Llenar Formulario<\/span><\/a><\/div><span class=\"et-icon box-icon fa fa-car\"><\/span><\/div><\/div><\/div><\/div><\/div>[\/vc_column][vc_column animation_delay=&#8221;0&#8243; css_animation=&#8221;none&#8221; offset=&#8221;vc_col-lg-4 vc_col-md-12 vc_col-xs-12&#8243;]<div class=\"et-content-box-alt-wrapper\"><div id=\"et-content-box-alt-2\" class=\"et-content-box-alt et-item-set et-clearfix hover-icon effect-type-sequential effect-none\" data-columns=\"1\"><div class=\"box-item-alt-wrapper et-item et-box-item-alt\"><style>#box-item-alt-2 .box-item-alt-content-wrapper {background-color:#f5f5f5;}#box-item-alt-2 .box-icon {color:#d70808;}<\/style><div id=\"box-item-alt-2\"  class=\"box-item-alt-inner et-item-inner\"><div class=\"box-item-alt-content-wrapper et-clearfix\"><div class=\"box-item-content et-clearfix\"><h5 class=\"et-highlight-title \" style=\"font-weight:700;color:#212121;\" data-mobile-font=\"inherit\" data-tablet-font=\"inherit\"><span class=\"title-inner\">Equipo Pesado<span class=\"highlight-line\" style=\"background-color:#d70808;\"><\/span><\/span><\/h5><div class=\"gap et-clearfix \" style=\"height:16px\"><\/div>[vc_column_text]Solicite una cotizaci\u00f3n para el env\u00edo de equipo pesado (e.g, retroexcavadora) a cualquier parte de los Estados Unidos.[\/vc_column_text]<a target=\"_self\" href=\"\/es\/contactenos\/formularios-de-cotizacion-y-contacto\/cotizacion-de-equipo-pesado\/\" id=\"et-button-2\" style=\"color:#616161;font-weight:700 !important;\" class=\"et-button  theme-button icon-position-left modal-false medium hover-none false click-none\" data-color=\"#616161\" data-colorhover=\"#ffffff\"><span style=\"background-color:#d70808 !important;\" class=\"hover\"><\/span><span style=\"box-shadow:inset 0 0 0 1px #616161  !important;\" class=\"regular\"><\/span><span class=\"text\">Llenar Formulario<\/span><\/a><\/div><span class=\"et-icon box-icon globax icon-gx-crane\"><\/span><\/div><\/div><\/div><\/div><\/div>[\/vc_column][vc_column animation_delay=&#8221;0&#8243; offset=&#8221;vc_col-lg-4 vc_col-md-12 vc_col-xs-12&#8243;]<div class=\"et-content-box-alt-wrapper\"><div id=\"et-content-box-alt-3\" class=\"et-content-box-alt et-item-set et-clearfix hover-icon effect-type-sequential effect-none\" data-columns=\"1\"><div class=\"box-item-alt-wrapper et-item et-box-item-alt\"><style>#box-item-alt-3 .box-item-alt-content-wrapper {background-color:#f5f5f5;}#box-item-alt-3 .box-icon {color:#d70808;}<\/style><div id=\"box-item-alt-3\"  class=\"box-item-alt-inner et-item-inner\"><div class=\"box-item-alt-content-wrapper et-clearfix\"><div class=\"box-item-content et-clearfix\"><h5 class=\"et-highlight-title \" style=\"font-weight:700;color:#212121;\" data-mobile-font=\"inherit\" data-tablet-font=\"inherit\"><span class=\"title-inner\">Otra Carga<span class=\"highlight-line\" style=\"background-color:#d70808;\"><\/span><\/span><\/h5><div class=\"gap et-clearfix \" style=\"height:16px\"><\/div>[vc_column_text]Solicite una cotizaci\u00f3n para enviar todos los dem\u00e1s tipos de carga o carga de proyecto a cualquier parte de los Estados Unidos.[\/vc_column_text]<a target=\"_self\" href=\"\/es\/contactenos\/formularios-de-cotizacion-y-contacto\/cotizacion-de-otra-carga\/\" id=\"et-button-3\" style=\"color:#616161;font-weight:700 !important;\" class=\"et-button  theme-button icon-position-left modal-false medium hover-none false click-none\" data-color=\"#616161\" data-colorhover=\"#ffffff\"><span style=\"background-color:#d70808 !important;\" class=\"hover\"><\/span><span style=\"box-shadow:inset 0 0 0 1px #616161  !important;\" class=\"regular\"><\/span><span class=\"text\">Llenar Formulario<\/span><\/a><\/div><span class=\"et-icon box-icon globax icon-gx-three-stored-boxes-for-delivery\"><\/span><\/div><\/div><\/div><\/div><\/div>[\/vc_column][\/vc_row][vc_row][vc_column]<h5 class=\"et-highlight-title \" style=\"font-weight:700;color:#9a9a9a;\" data-mobile-font=\"inherit\" data-tablet-font=\"inherit\"><span class=\"title-inner\">Cotizaci\u00f3n Transporte Internacional<span class=\"highlight-line\" style=\"background-color:#003399;\"><\/span><\/span><\/h5><h1 id=\"et-animated-title-2\" class=\"et-animated-title et-clearfix  curtain curtain-left\" data-mobile-font=\"inherit\" data-tablet-font=\"inherit\" data-delay=\"0\" style=\"font-weight:700;color:#000000;\"><span class=\"text-wrapper\"><span class=\"text\">Servicios Internacionales<\/span><span class=\"curtain\" style=\"background-color:#003399;\"><\/span><\/span><\/h1>[\/vc_column][\/vc_row][vc_row gap=&#8221;40&#8243; content_placement=&#8221;middle&#8221; css=&#8221;.vc_custom_1643412655022{padding-bottom: 24px !important;}&#8221;][vc_column animation_delay=&#8221;0&#8243; offset=&#8221;vc_col-lg-4 vc_col-md-12 vc_col-xs-12&#8243;]<div class=\"et-content-box-alt-wrapper\"><div id=\"et-content-box-alt-4\" class=\"et-content-box-alt et-item-set et-clearfix hover-icon effect-type-sequential effect-none\" data-columns=\"1\"><div class=\"box-item-alt-wrapper et-item et-box-item-alt\"><style>#box-item-alt-4 .box-item-alt-content-wrapper {background-color:#f5f5f5;}#box-item-alt-4 .box-icon {color:#003399;}<\/style><div id=\"box-item-alt-4\"  class=\"box-item-alt-inner et-item-inner\"><div class=\"box-item-alt-content-wrapper et-clearfix\"><div class=\"box-item-content et-clearfix\"><h5 class=\"et-highlight-title \" style=\"font-weight:700;color:#212121;\" data-mobile-font=\"inherit\" data-tablet-font=\"inherit\"><span class=\"title-inner\">Carga Mar\u00edtima<span class=\"highlight-line\" style=\"background-color:#003399;\"><\/span><\/span><\/h5><div class=\"gap et-clearfix \" style=\"height:16px\"><\/div>[vc_column_text]Solicite una cotizaci\u00f3n para enviar veh\u00edculos, equipos pesados \u200b\u200bo cualquier otro tipo de carga (e.g., art\u00edculos dom\u00e9sticos, electr\u00f3nicos) internacionalmente a trav\u00e9s de un transportista mar\u00edtimo.[\/vc_column_text]<a target=\"_self\" href=\"\/es\/contactenos\/formularios-de-cotizacion-y-contacto\/cotizacion-de-carga-maritima\/\" id=\"et-button-4\" style=\"color:#616161;font-weight:700 !important;\" class=\"et-button  theme-button icon-position-left modal-false medium hover-none false click-none\" data-color=\"#616161\" data-colorhover=\"#ffffff\"><span style=\"background-color:#d70808 !important;\" class=\"hover\"><\/span><span style=\"box-shadow:inset 0 0 0 1px #616161  !important;\" class=\"regular\"><\/span><span class=\"text\">Llenar Formulario<\/span><\/a><\/div><span class=\"et-icon box-icon globax icon-gx-sea-ship-with-containers\"><\/span><\/div><\/div><\/div><\/div><\/div>[\/vc_column][vc_column animation_delay=&#8221;0&#8243; css_animation=&#8221;none&#8221; offset=&#8221;vc_col-lg-4 vc_col-md-12 vc_col-xs-12&#8243;][\/vc_column][vc_column animation_delay=&#8221;0&#8243; offset=&#8221;vc_col-lg-4 vc_col-md-12 vc_col-xs-12&#8243;][\/vc_column][\/vc_row][vc_row][vc_column]<h5 class=\"et-highlight-title \" style=\"font-weight:700;color:#9a9a9a;\" data-mobile-font=\"inherit\" data-tablet-font=\"inherit\"><span class=\"title-inner\">Preguntas<span class=\"highlight-line\" style=\"background-color:#000000;\"><\/span><\/span><\/h5><h1 id=\"et-animated-title-3\" class=\"et-animated-title et-clearfix  curtain curtain-left\" data-mobile-font=\"inherit\" data-tablet-font=\"inherit\" data-delay=\"0\" style=\"font-weight:700;color:#000000;\"><span class=\"text-wrapper\"><span class=\"text\">Consultas Generales<\/span><span class=\"curtain\" style=\"background-color:#616161;\"><\/span><\/span><\/h1>[\/vc_column][\/vc_row][vc_row gap=&#8221;40&#8243; content_placement=&#8221;middle&#8221; css=&#8221;.vc_custom_1643412643382{padding-bottom: 24px !important;}&#8221;][vc_column animation_delay=&#8221;0&#8243; offset=&#8221;vc_col-lg-4 vc_col-md-12 vc_col-xs-12&#8243;]<div class=\"et-content-box-alt-wrapper\"><div id=\"et-content-box-alt-5\" class=\"et-content-box-alt et-item-set et-clearfix hover-icon effect-type-sequential effect-none\" data-columns=\"1\"><div class=\"box-item-alt-wrapper et-item et-box-item-alt\"><style>#box-item-alt-5 .box-item-alt-content-wrapper {background-color:#f5f5f5;}#box-item-alt-5 .box-icon {color:#616161;}<\/style><div id=\"box-item-alt-5\"  class=\"box-item-alt-inner et-item-inner\"><div class=\"box-item-alt-content-wrapper et-clearfix\"><div class=\"box-item-content et-clearfix\"><h5 class=\"et-highlight-title \" style=\"font-weight:700;color:#212121;\" data-mobile-font=\"inherit\" data-tablet-font=\"inherit\"><span class=\"title-inner\">\u00bfTiene una pregunta?<span class=\"highlight-line\" style=\"background-color:#000000;\"><\/span><\/span><\/h5><div class=\"gap et-clearfix \" style=\"height:16px\"><\/div>[vc_column_text]Estamos aqu\u00ed para responder cualquier pregunta que pueda tener.[\/vc_column_text]<a target=\"_self\" href=\"\/es\/contactenos\/formularios-de-cotizacion-y-contacto\/consultas-generales\/\" id=\"et-button-5\" style=\"color:#616161;font-weight:700 !important;\" class=\"et-button  theme-button icon-position-left modal-false medium hover-none false click-none\" data-color=\"#616161\" data-colorhover=\"#ffffff\"><span style=\"background-color:#d70808 !important;\" class=\"hover\"><\/span><span style=\"box-shadow:inset 0 0 0 1px #616161  !important;\" class=\"regular\"><\/span><span class=\"text\">Llenar Formulario<\/span><\/a><\/div><span class=\"et-icon box-icon globax icon-gx-call-center-worker-with-headset\"><\/span><\/div><\/div><\/div><\/div><\/div>[\/vc_column][vc_column animation_delay=&#8221;0&#8243; css_animation=&#8221;none&#8221; offset=&#8221;vc_col-lg-4 vc_col-md-12 vc_col-xs-12&#8243;][\/vc_column][vc_column animation_delay=&#8221;0&#8243; offset=&#8221;vc_col-lg-4 vc_col-md-12 vc_col-xs-12&#8243;][\/vc_column][\/vc_row]<\/p>\n","protected":false},"excerpt":{"rendered":"<p>[vc_row][vc_column][\/vc_column][\/vc_row][vc_row gap=&#8221;40&#8243; content_placement=&#8221;middle&#8221; css=&#8221;.vc_custom_1643412664853{padding-bottom: 24px !important;}&#8221;][vc_column animation_delay=&#8221;0&#8243; offset=&#8221;vc_col-lg-4 vc_col-md-12 vc_col-xs-12&#8243;][\/vc_column][vc_column animation_delay=&#8221;0&#8243; css_animation=&#8221;none&#8221; offset=&#8221;vc_col-lg-4 vc_col-md-12 vc_col-xs-12&#8243;][\/vc_column][vc_column animation_delay=&#8221;0&#8243; offset=&#8221;vc_col-lg-4 vc_col-md-12 vc_col-xs-12&#8243;][\/vc_column][\/vc_row][vc_row][vc_column][\/vc_column][\/vc_row][vc_row gap=&#8221;40&#8243; content_placement=&#8221;middle&#8221; css=&#8221;.vc_custom_1643412655022{padding-bottom: 24px !important;}&#8221;][vc_column animation_delay=&#8221;0&#8243; offset=&#8221;vc_col-lg-4 vc_col-md-12 vc_col-xs-12&#8243;][\/vc_column][vc_column animation_delay=&#8221;0&#8243; css_animation=&#8221;none&#8221; offset=&#8221;vc_col-lg-4 vc_col-md-12 vc_col-xs-12&#8243;][\/vc_column][vc_column animation_delay=&#8221;0&#8243; offset=&#8221;vc_col-lg-4 vc_col-md-12 vc_col-xs-12&#8243;][\/vc_column][\/vc_row][vc_row][vc_column][\/vc_column][\/vc_row][vc_row gap=&#8221;40&#8243; content_placement=&#8221;middle&#8221; css=&#8221;.vc_custom_1643412643382{padding-bottom: 24px !important;}&#8221;][vc_column animation_delay=&#8221;0&#8243; offset=&#8221;vc_col-lg-4 vc_col-md-12 vc_col-xs-12&#8243;][\/vc_column][vc_column animation_delay=&#8221;0&#8243; css_animation=&#8221;none&#8221; offset=&#8221;vc_col-lg-4 vc_col-md-12 vc_col-xs-12&#8243;][\/vc_column][vc_column animation_delay=&#8221;0&#8243; offset=&#8221;vc_col-lg-4 vc_col-md-12 vc_col-xs-12&#8243;][\/vc_column][\/vc_row]<\/p>\n","protected":false},"author":1,"featured_media":0,"parent":14972,"menu_order":1,"comment_status":"closed","ping_status":"closed","template":"page-vc.php","meta":[],"_links":{"self":[{"href":"https:\/\/lozadausa.com\/es\/wp-json\/wp\/v2\/pages\/14980"}],"collection":[{"href":"https:\/\/lozadausa.com\/es\/wp-json\/wp\/v2\/pages"}],"about":[{"href":"https:\/\/lozadausa.com\/es\/wp-json\/wp\/v2\/types\/page"}],"author":[{"embeddable":true,"href":"https:\/\/lozadausa.com\/es\/wp-json\/wp\/v2\/users\/1"}],"replies":[{"embeddable":true,"href":"https:\/\/lozadausa.com\/es\/wp-json\/wp\/v2\/comments?post=14980"}],"version-history":[{"count":9,"href":"https:\/\/lozadausa.com\/es\/wp-json\/wp\/v2\/pages\/14980\/revisions"}],"predecessor-version":[{"id":15559,"href":"https:\/\/lozadausa.com\/es\/wp-json\/wp\/v2\/pages\/14980\/revisions\/15559"}],"up":[{"embeddable":true,"href":"https:\/\/lozadausa.com\/es\/wp-json\/wp\/v2\/pages\/14972"}],"wp:attachment":[{"href":"https:\/\/lozadausa.com\/es\/wp-json\/wp\/v2\/media?parent=14980"}],"curies":[{"name":"wp","href":"https:\/\/api.w.org\/{rel}","templated":true}]}}