{"id":14991,"date":"2021-05-19T22:00:24","date_gmt":"2021-05-20T02:00:24","guid":{"rendered":"https:\/\/lozadausa.com\/servicios\/carga-maritima\/"},"modified":"2022-04-19T17:12:25","modified_gmt":"2022-04-19T21:12:25","slug":"carga-maritima","status":"publish","type":"page","link":"https:\/\/lozadausa.com\/es\/servicios\/carga-maritima\/","title":{"rendered":"Carga Mar\u00edtima"},"content":{"rendered":"<p>[vc_section css=&#8221;.vc_custom_1532258169900{padding-top: 96px !important;padding-bottom: 56px !important;}&#8221; el_id=&#8221;features&#8221;][vc_row gap=&#8221;0&#8243;][vc_column animation_delay=&#8221;0&#8243; offset=&#8221;vc_col-lg-3 vc_col-md-3 vc_hidden-sm vc_hidden-xs&#8221;][\/vc_column][vc_column animation_delay=&#8221;0&#8243; offset=&#8221;vc_col-lg-6 vc_col-md-6 vc_col-xs-12&#8243; el_class=&#8221;text-align-center&#8221;]<h6 class=\"et-highlight-title \" style=\"font-size:12px;font-weight:700;line-height:24px;letter-spacing:0.5px;color:#9a9a9a;\" data-mobile-font=\"inherit\" data-tablet-font=\"inherit\"><span class=\"title-inner\">LOZADA TRANSPORTATION SERVICES<span class=\"highlight-line\" style=\"background-color:#d70808;\"><\/span><\/span><\/h6><h3 id=\"et-animated-title-1\" class=\"et-animated-title et-clearfix  words-direct\" data-mobile-font=\"32px\" data-tablet-font=\"inherit\" data-delay=\"100\" style=\"font-size:48px;font-weight:700;line-height:56px;color:#212121;\"><span class=\"text-wrapper\"><span class=\"text\">Contenedores de Transporte Mar\u00edtimo<\/span><\/span><\/h3><div class=\"gap et-clearfix \" style=\"height:56px\"><\/div>[\/vc_column][vc_column animation_delay=&#8221;0&#8243; offset=&#8221;vc_col-lg-3 vc_col-md-3 vc_hidden-sm vc_hidden-xs&#8221;][\/vc_column][\/vc_row][vc_row gap=&#8221;0&#8243; css=&#8221;.vc_custom_1621455285428{padding-top: 150px !important;padding-bottom: 150px !important;background: #212121 url(https:\/\/lozadausa.com\/wp-content\/uploads\/2021\/05\/ocean-shipping-containers.jpg?id=14722) !important;background-position: center !important;background-repeat: no-repeat !important;background-size: cover !important;}&#8221;][vc_column animation_delay=&#8221;0&#8243; css=&#8221;.vc_custom_1620321772646{padding-top: 0px !important;}&#8221;][\/vc_column][\/vc_row][vc_row full_width=&#8221;stretch_row&#8221; gap=&#8221;0&#8243; css=&#8221;.vc_custom_1532257834508{padding-top: 0px !important;}&#8221;][vc_column animation_delay=&#8221;0&#8243; el_class=&#8221;text-align-center&#8221;]<div class=\"gap et-clearfix \" style=\"height:28px\"><\/div>[\/vc_column][\/vc_row][vc_row full_width=&#8221;stretch_row&#8221; gap=&#8221;0&#8243; css=&#8221;.vc_custom_1532257834508{padding-top: 0px !important;}&#8221;][vc_column animation_delay=&#8221;0&#8243; el_class=&#8221;text-align-center&#8221;][vc_column_text]Los contenedores ISO, cajas de acero reutilizables estandarizadas que se utilizan para el almacenamiento y movimiento seguro, eficiente y seguro de materiales y productos en todo el mundo, son el modo de transporte m\u00e1s com\u00fan para el transporte mar\u00edtimo. Obtenemos t\u00e9rminos como FLC (Full Container Load) y LCL (Less-than Container Load) del uso de estos contenedores, que reflejan la cantidad de carga que un cliente tiene disponible para enviar.[\/vc_column_text][\/vc_column][\/vc_row][\/vc_section][vc_row][vc_column]<div class=\"sep-wrap left   et-clearfix\" data-delay=\"0\"><div class=\"et-separator solid\" style=\"height:2px;width:100%;border-bottom-width:2px;border-bottom-style:solid;border-bottom-color:#e0e0e0;\"><\/div><\/div>[\/vc_column][\/vc_row][vc_row gap=&#8221;48&#8243; content_placement=&#8221;middle&#8221; css=&#8221;.vc_custom_1620082304464{padding-top: 24px !important;padding-bottom: 24px !important;}&#8221;][vc_column animation_delay=&#8221;0&#8243; offset=&#8221;vc_col-lg-8 vc_col-md-12 vc_col-xs-12&#8243;]<h3 id=\"et-animated-title-2\" class=\"et-animated-title et-clearfix  words-direct\" data-mobile-font=\"32px\" data-tablet-font=\"inherit\" data-delay=\"100\" style=\"font-size:42px;font-weight:700;line-height:50px;color:#212121;\"><span class=\"text-wrapper\"><span class=\"text\">Full Container Load \u2022 <span class=\"highlight\" style=\"color: #d70808;\">FCL<\/span><\/span><\/span><\/h3><div class=\"gap et-clearfix \" style=\"height:24px\"><\/div>[vc_column_text]Los clientes que tienen cargas de contenedor completo generalmente obtienen mejores precios porque simplifican cualquier aspecto del env\u00edo de su carga. Requiere menos papeleo, la carga es manejada por menos intermediarios de transporte mar\u00edtimo (lo que reduce el riesgo de da\u00f1os) y la carga llega a su destino m\u00e1s r\u00e1pido. Los tama\u00f1os de contenedor de env\u00edo m\u00e1s com\u00fanmente utilizados son el est\u00e1ndar de 20 pies (Dimensiones exteriores: 20 &#8216;de largo x 8&#8217; de ancho x 8 &#8216;6 \u201dde alto) y el est\u00e1ndar de 40 pies (Dimensiones exteriores: 40&#8217; de largo x 8 &#8216;de ancho x 8&#8217; Contenedores de 6 \u201dde alto), cada uno de los cuales tambi\u00e9n est\u00e1 disponible en versiones de 1 pie m\u00e1s altas denominadas contenedores High Cube de 20 pies y High Cube de 40 pies.[\/vc_column_text][\/vc_column][vc_column animation_delay=&#8221;0&#8243; offset=&#8221;vc_col-lg-4 vc_col-md-12 vc_col-xs-12&#8243;]<div data-curtain=\"false\" data-preloader=\"false\" data-decoration=\"false\" data-decoration-size=\"small\" data-animation-delay=\"0\" data-parallax=\"false\" data-coordinatex=\"0\" data-coordinatey=\"0\" data-speed=\"1\" class=\"et-custom-image  aligncenter transform curtain-left\"><div class=\"overlay-hover\"><a title=\"SUV en contenedor .\" class=\"single-image-link\" href=\"https:\/\/lozadausa.com\/wp-content\/uploads\/2021\/05\/full-container-load.jpg\"><div class=\"image\"><div class=\"image-container\"><img width=\"588\" height=\"440\" src=\"https:\/\/lozadausa.com\/wp-content\/uploads\/2021\/05\/full-container-load-588x440.jpg\" alt=\"SUV en contenedor .\"><\/div><\/div><\/a><\/div><\/div>[\/vc_column][\/vc_row][vc_row gap=&#8221;0&#8243;][vc_column]<div class=\"sep-wrap left   et-clearfix\" data-delay=\"0\"><div class=\"et-separator solid\" style=\"height:2px;width:100%;border-bottom-width:2px;border-bottom-style:solid;border-bottom-color:#e0e0e0;\"><\/div><\/div>[\/vc_column][\/vc_row][vc_row gap=&#8221;48&#8243; content_placement=&#8221;middle&#8221; css=&#8221;.vc_custom_1620082291473{padding-top: 24px !important;padding-bottom: 24px !important;}&#8221;][vc_column animation_delay=&#8221;0&#8243; offset=&#8221;vc_col-lg-4 vc_col-md-12 vc_col-xs-12&#8243;]<div data-curtain=\"false\" data-preloader=\"false\" data-decoration=\"false\" data-decoration-size=\"small\" data-animation-delay=\"0\" data-parallax=\"false\" data-coordinatex=\"0\" data-coordinatey=\"0\" data-speed=\"1\" class=\"et-custom-image  aligncenter transform curtain-left\"><div class=\"overlay-hover\"><a title=\"Generador port\u00e1til industrial en contenedor.\" class=\"single-image-link\" href=\"https:\/\/lozadausa.com\/wp-content\/uploads\/2021\/05\/less-than-container-load.jpg\"><div class=\"image\"><div class=\"image-container\"><img width=\"480\" height=\"320\" src=\"https:\/\/lozadausa.com\/wp-content\/uploads\/2021\/05\/less-than-container-load-480x320.jpg\" alt=\"Generador port\u00e1til industrial en contenedor.\"><\/div><\/div><\/a><\/div><\/div>[\/vc_column][vc_column animation_delay=&#8221;0&#8243; offset=&#8221;vc_col-lg-8 vc_col-md-12 vc_col-xs-12&#8243;]<h3 id=\"et-animated-title-3\" class=\"et-animated-title et-clearfix  words-direct\" data-mobile-font=\"32px\" data-tablet-font=\"inherit\" data-delay=\"100\" style=\"font-size:42px;font-weight:700;line-height:50px;color:#212121;\"><span class=\"text-wrapper\"><span class=\"text\">Less-than Container Load \u2022 <span class=\"highlight\" style=\"color: #d70808;\">LCL<\/span><\/span><\/span><\/h3><div class=\"gap et-clearfix \" style=\"height:24px\"><\/div>[vc_column_text]Los servicios de LCL son utilizados por clientes que no tienen carga suficiente para justificar el uso de un contenedor lleno. Unidades de paquetes paletizados, cajas con paquetes y art\u00edculos de gran volumen como autom\u00f3viles, generadores y electrodom\u00e9sticos son ejemplos de carga LCL. Debido a que todos los env\u00edos de LCL comparten el espacio del contenedor con otros env\u00edos de LCL, recomendamos embalar su env\u00edo para proteger la carga delicada o de alto valor de la contaminaci\u00f3n o los da\u00f1os causados por la carga de otro remitente durante el transporte.[\/vc_column_text][\/vc_column][\/vc_row][vc_row][vc_column]<div class=\"sep-wrap left   et-clearfix\" data-delay=\"0\"><div class=\"et-separator solid\" style=\"height:2px;width:100%;border-bottom-width:2px;border-bottom-style:solid;border-bottom-color:#e0e0e0;\"><\/div><\/div>[\/vc_column][\/vc_row][vc_row gap=&#8221;48&#8243;][vc_column]<h3 id=\"et-animated-title-4\" class=\"et-animated-title et-clearfix  words-direct\" data-mobile-font=\"32px\" data-tablet-font=\"inherit\" data-delay=\"100\" style=\"font-size:42px;font-weight:700;line-height:50px;color:#212121;\"><span class=\"text-wrapper\"><span class=\"text\">Break Bulk \/ Flat Rack \/ Roll-on Roll-off (RORO)<\/span><\/span><\/h3><div class=\"gap et-clearfix \" style=\"height:24px\"><\/div>[vc_row_inner gap=&#8221;4&#8243;][vc_column_inner width=&#8221;1\/3&#8243;]<div data-curtain=\"false\" data-preloader=\"false\" data-decoration=\"false\" data-decoration-size=\"small\" data-animation-delay=\"0\" data-parallax=\"false\" data-coordinatex=\"0\" data-coordinatey=\"0\" data-speed=\"1\" class=\"et-custom-image  aligncenter transform curtain-left\"><div class=\"overlay-hover\"><a title=\"Carga Break Bulk\" class=\"single-image-link\" href=\"https:\/\/lozadausa.com\/wp-content\/uploads\/2021\/05\/break-bulk.jpg\"><div class=\"image\"><div class=\"image-container\"><img width=\"480\" height=\"320\" src=\"https:\/\/lozadausa.com\/wp-content\/uploads\/2021\/05\/break-bulk-480x320.jpg\" alt=\"Carga Break Bulk\"><\/div><\/div><\/a><\/div><\/div>[\/vc_column_inner][vc_column_inner width=&#8221;1\/3&#8243;]<div data-curtain=\"false\" data-preloader=\"false\" data-decoration=\"false\" data-decoration-size=\"small\" data-animation-delay=\"0\" data-parallax=\"false\" data-coordinatex=\"0\" data-coordinatey=\"0\" data-speed=\"1\" class=\"et-custom-image  aligncenter transform curtain-left\"><div class=\"overlay-hover\"><a title=\"Carga Flat Rack\" class=\"single-image-link\" href=\"https:\/\/lozadausa.com\/wp-content\/uploads\/2021\/05\/wheel-loaders-on-flat-racks.jpg\"><div class=\"image\"><div class=\"image-container\"><img width=\"480\" height=\"320\" src=\"https:\/\/lozadausa.com\/wp-content\/uploads\/2021\/05\/wheel-loaders-on-flat-racks-480x320.jpg\" alt=\"Carga Flat Rack\"><\/div><\/div><\/a><\/div><\/div>[\/vc_column_inner][vc_column_inner width=&#8221;1\/3&#8243;]<div data-curtain=\"false\" data-preloader=\"false\" data-decoration=\"false\" data-decoration-size=\"small\" data-animation-delay=\"0\" data-parallax=\"false\" data-coordinatex=\"0\" data-coordinatey=\"0\" data-speed=\"1\" class=\"et-custom-image  aligncenter transform curtain-left\"><div class=\"overlay-hover\"><a title=\"Carga RO-RO\" class=\"single-image-link\" href=\"https:\/\/lozadausa.com\/wp-content\/uploads\/2021\/05\/dozer-roll-on-roll-off.jpg\"><div class=\"image\"><div class=\"image-container\"><img width=\"480\" height=\"320\" src=\"https:\/\/lozadausa.com\/wp-content\/uploads\/2021\/05\/dozer-roll-on-roll-off-480x320.jpg\" alt=\"Carga RO-RO\"><\/div><\/div><\/a><\/div><\/div>[\/vc_column_inner][\/vc_row_inner]<div class=\"gap et-clearfix \" style=\"height:32px\"><\/div>[vc_column_text]Estos servicios son apropiados para clientes que tienen carga demasiado grande o pesada para caber en los contenedores de env\u00edo m\u00e1s grandes disponibles y han descartado la opci\u00f3n de desmantelar su carga. La carga de un cliente se puede transportar de las siguientes formas en tales casos:[\/vc_column_text][vc_row_inner][vc_column_inner css=&#8221;.vc_custom_1620318914979{padding-left: 36px !important;}&#8221;]<ul class=\"et-list-icon full small\"><li style=\"margin-bottom:16px;\"><div class=\"icon-wrap\"><div class=\"icon small\" style=\"color:#ffffff;background-color:#d70808;border-radius:500px;\"><span class=\"small fa fa-angle-right\"><\/span><\/div><\/div><div>coloc\u00e1ndose directamente en el recipiente en su estado actual (Break Bulk).<\/div><\/li><li style=\"margin-bottom:16px;\"><div class=\"icon-wrap\"><div class=\"icon small\" style=\"color:#ffffff;background-color:#d70808;border-radius:500px;\"><span class=\"small fa fa-angle-right\"><\/span><\/div><\/div><div>carg\u00e1ndolo en un Flat Rack, luego en un Vessel. Las rejillas planas tienen mayor capacidad de peso que los contenedores de longitud similar, as\u00ed como lados abiertos para acomodar cargas extra anchas.<\/div><\/li><li style=\"margin-bottom:16px;\"><div class=\"icon-wrap\"><div class=\"icon small\" style=\"color:#ffffff;background-color:#d70808;border-radius:500px;\"><span class=\"small fa fa-angle-right\"><\/span><\/div><\/div><div>finalmente, puede ser conducido al buque en el puerto de origen y conducido en el puerto de destino (Roll-on Roll-off, RORO).<\/div><\/li><\/ul>[\/vc_column_inner][\/vc_row_inner]<div class=\"gap et-clearfix \" style=\"height:12px\"><\/div>[vc_column_text]Estos m\u00e9todos de transporte mar\u00edtimo requieren que toda la carga est\u00e9 en el estado m\u00e1s limpio posible para evitar que se caiga suciedad u otros productos peligrosos dentro del puerto de carga o sobre el barco durante el transporte. Si el flete incluye l\u00edquidos, no debe tener fugas. Si el flete no cumple con estos requisitos, corre el riesgo de ser rechazado en el puerto de carga. Adem\u00e1s, se requiere que el flete RORO est\u00e9 funcionando (condici\u00f3n operativa).<\/p>\n<p>Lozada Transportation Services le ofrece una experiencia de env\u00edo sin preocupaciones. Es el mismo procedimiento ya sea que env\u00ede un autob\u00fas, equipo pesado (como excavadoras, tractores y remolques), art\u00edculos para el hogar e incluso una embarcaci\u00f3n. Puede estar seguro de que su carga llegar\u00e1 en las mismas condiciones a su destino. Le informaremos con precisi\u00f3n qu\u00e9 hacer para comenzar el proceso de env\u00edo. El proceso difiere de un pa\u00eds a otro, sin embargo, estamos aqu\u00ed para brindarle asesoramiento y para abordar cualquier tipo de inquietud que pueda tener.[\/vc_column_text][\/vc_column][\/vc_row]<\/p>\n","protected":false},"excerpt":{"rendered":"<p>[vc_section css=&#8221;.vc_custom_1532258169900{padding-top: 96px !important;padding-bottom: 56px !important;}&#8221; el_id=&#8221;features&#8221;][vc_row gap=&#8221;0&#8243;][vc_column animation_delay=&#8221;0&#8243; offset=&#8221;vc_col-lg-3 vc_col-md-3 vc_hidden-sm vc_hidden-xs&#8221;][\/vc_column][vc_column animation_delay=&#8221;0&#8243; offset=&#8221;vc_col-lg-6 vc_col-md-6 vc_col-xs-12&#8243; el_class=&#8221;text-align-center&#8221;][\/vc_column][vc_column animation_delay=&#8221;0&#8243; offset=&#8221;vc_col-lg-3 vc_col-md-3 vc_hidden-sm vc_hidden-xs&#8221;][\/vc_column][\/vc_row][vc_row gap=&#8221;0&#8243; css=&#8221;.vc_custom_1621455285428{padding-top: 150px !important;padding-bottom: 150px !important;background: #212121 url(https:\/\/lozadausa.com\/wp-content\/uploads\/2021\/05\/ocean-shipping-containers.jpg?id=14722) !important;background-position: center !important;background-repeat: no-repeat !important;background-size: cover !important;}&#8221;][vc_column animation_delay=&#8221;0&#8243; css=&#8221;.vc_custom_1620321772646{padding-top: 0px !important;}&#8221;][\/vc_column][\/vc_row][vc_row full_width=&#8221;stretch_row&#8221; gap=&#8221;0&#8243; css=&#8221;.vc_custom_1532257834508{padding-top: 0px !important;}&#8221;][vc_column animation_delay=&#8221;0&#8243; el_class=&#8221;text-align-center&#8221;][\/vc_column][\/vc_row][vc_row full_width=&#8221;stretch_row&#8221; gap=&#8221;0&#8243; css=&#8221;.vc_custom_1532257834508{padding-top: 0px !important;}&#8221;][vc_column animation_delay=&#8221;0&#8243; [&hellip;]<\/p>\n","protected":false},"author":1,"featured_media":0,"parent":14831,"menu_order":1,"comment_status":"closed","ping_status":"closed","template":"page-vc.php","meta":[],"_links":{"self":[{"href":"https:\/\/lozadausa.com\/es\/wp-json\/wp\/v2\/pages\/14991"}],"collection":[{"href":"https:\/\/lozadausa.com\/es\/wp-json\/wp\/v2\/pages"}],"about":[{"href":"https:\/\/lozadausa.com\/es\/wp-json\/wp\/v2\/types\/page"}],"author":[{"embeddable":true,"href":"https:\/\/lozadausa.com\/es\/wp-json\/wp\/v2\/users\/1"}],"replies":[{"embeddable":true,"href":"https:\/\/lozadausa.com\/es\/wp-json\/wp\/v2\/comments?post=14991"}],"version-history":[{"count":15,"href":"https:\/\/lozadausa.com\/es\/wp-json\/wp\/v2\/pages\/14991\/revisions"}],"predecessor-version":[{"id":16156,"href":"https:\/\/lozadausa.com\/es\/wp-json\/wp\/v2\/pages\/14991\/revisions\/16156"}],"up":[{"embeddable":true,"href":"https:\/\/lozadausa.com\/es\/wp-json\/wp\/v2\/pages\/14831"}],"wp:attachment":[{"href":"https:\/\/lozadausa.com\/es\/wp-json\/wp\/v2\/media?parent=14991"}],"curies":[{"name":"wp","href":"https:\/\/api.w.org\/{rel}","templated":true}]}}