{"id":15015,"date":"2021-05-19T22:35:52","date_gmt":"2021-05-20T02:35:52","guid":{"rendered":"https:\/\/lozadausa.com\/servicios\/seguro-de-carga\/"},"modified":"2022-01-28T16:58:28","modified_gmt":"2022-01-28T20:58:28","slug":"seguro-de-carga","status":"publish","type":"page","link":"https:\/\/lozadausa.com\/es\/servicios\/seguro-de-carga\/","title":{"rendered":"Seguro de Carga"},"content":{"rendered":"<p>[vc_section css=&#8221;.vc_custom_1532258169900{padding-top: 96px !important;padding-bottom: 56px !important;}&#8221; el_id=&#8221;features&#8221;][vc_row gap=&#8221;0&#8243;][vc_column animation_delay=&#8221;0&#8243; offset=&#8221;vc_col-lg-3 vc_col-md-3 vc_hidden-sm vc_hidden-xs&#8221;][\/vc_column][vc_column animation_delay=&#8221;0&#8243; offset=&#8221;vc_col-lg-6 vc_col-md-6 vc_col-xs-12&#8243; el_class=&#8221;text-align-center&#8221;]<h6 class=\"et-highlight-title \" style=\"font-size:12px;font-weight:700;line-height:24px;letter-spacing:0.5px;color:#9a9a9a;\" data-mobile-font=\"inherit\" data-tablet-font=\"inherit\"><span class=\"title-inner\">LOZADA TRANSPORTATION SERVICES<span class=\"highlight-line\" style=\"background-color:#d70808;\"><\/span><\/span><\/h6><h3 id=\"et-animated-title-1\" class=\"et-animated-title et-clearfix  words-direct\" data-mobile-font=\"32px\" data-tablet-font=\"inherit\" data-delay=\"100\" style=\"font-size:48px;font-weight:700;line-height:56px;color:#212121;\"><span class=\"text-wrapper\"><span class=\"text\">Seguro de Carga Mar\u00edtima<\/span><\/span><\/h3><div class=\"gap et-clearfix \" style=\"height:56px\"><\/div>[\/vc_column][vc_column animation_delay=&#8221;0&#8243; offset=&#8221;vc_col-lg-3 vc_col-md-3 vc_hidden-sm vc_hidden-xs&#8221;][\/vc_column][\/vc_row][vc_row full_width=&#8221;stretch_row&#8221; gap=&#8221;0&#8243; css=&#8221;.vc_custom_1532257834508{padding-top: 0px !important;}&#8221;][vc_column animation_delay=&#8221;0&#8243; el_class=&#8221;text-align-center&#8221;][vc_column_text]<\/p>\n<p style=\"font-size: 18px;\">Es crucial proteger la carga mientras se transporta, no simplemente mientras se encuentra en el espacio de almacenamiento de un almac\u00e9n. Los peligros consisten en posibles da\u00f1os o p\u00e9rdidas de la carga como resultado de tormentas en el mar o pirater\u00eda, accidentes en la autopista y otros. La carga no asegurada le costar\u00e1 tanto a usted como a su organizaci\u00f3n. Transferir el peligro de p\u00e9rdida econ\u00f3mica del propietario del flete al asegurador.<\/p>\n<p style=\"font-size: 18px;\">Ofrecemos una variedad de p\u00f3lizas de seguro a tarifas competitivas. Perm\u00edtanos adaptar sus necesidades de seguro a la cobertura espec\u00edfica que necesita para que pueda disfrutar de la tranquilidad que se merece. Algunas de las p\u00f3lizas m\u00e1s comunes emitidas incluyen:<\/p>\n<p>[\/vc_column_text][\/vc_column][\/vc_row][vc_row full_width=&#8221;stretch_row&#8221; gap=&#8221;40&#8243;][vc_column animation_delay=&#8221;0&#8243; css_animation=&#8221;bottom-to-top&#8221; css=&#8221;.vc_custom_1620344797186{padding-top: 40px !important;padding-right: 40px !important;padding-bottom: 40px !important;padding-left: 40px !important;background-color: #f5f5f5 !important;}&#8221; el_class=&#8221;text-align-center&#8221; offset=&#8221;vc_col-lg-4 vc_col-md-4 vc_col-xs-12&#8243;]<div class=\"et-el-icon medium full\" style=\"color:#d70808;box-shadow:inset 0 0 0 4px #d70808;border-radius:500px;\"><span class=\"el-icon fa fa-check animate-false\"><\/span><\/div><div class=\"gap et-clearfix \" style=\"height:16px\"><\/div>[vc_custom_heading text=&#8221;Seguro Puerta a Puerta&#8221; font_container=&#8221;tag:h6|font_size:18px|text_align:center|color:%23212121|line_height:32px&#8221; use_theme_fonts=&#8221;yes&#8221; css=&#8221;.vc_custom_1621483350865{margin-bottom: 8px !important;}&#8221;][\/vc_column][vc_column animation_delay=&#8221;150&#8243; css_animation=&#8221;bottom-to-top&#8221; el_class=&#8221;text-align-center&#8221; css=&#8221;.vc_custom_1620344803681{padding-top: 40px !important;padding-right: 40px !important;padding-bottom: 40px !important;padding-left: 40px !important;background-color: #f5f5f5 !important;}&#8221; offset=&#8221;vc_col-lg-4 vc_col-md-4 vc_col-xs-12&#8243;]<div class=\"et-el-icon medium full\" style=\"color:#d70808;box-shadow:inset 0 0 0 4px #d70808;border-radius:500px;\"><span class=\"el-icon fa fa-check animate-false\"><\/span><\/div><div class=\"gap et-clearfix \" style=\"height:16px\"><\/div>[vc_custom_heading text=&#8221;Seguro Puerto a Puerto&#8221; font_container=&#8221;tag:h6|font_size:18px|text_align:center|color:%23212121|line_height:32px&#8221; use_theme_fonts=&#8221;yes&#8221; css=&#8221;.vc_custom_1621483360569{margin-bottom: 8px !important;}&#8221;][\/vc_column][vc_column animation_delay=&#8221;300&#8243; css_animation=&#8221;bottom-to-top&#8221; css=&#8221;.vc_custom_1620344811553{padding-top: 40px !important;padding-right: 40px !important;padding-bottom: 40px !important;padding-left: 40px !important;background-color: #f5f5f5 !important;}&#8221; el_class=&#8221;text-align-center&#8221; offset=&#8221;vc_col-lg-4 vc_col-md-4 vc_col-xs-12&#8243;]<div class=\"et-el-icon medium full\" style=\"color:#d70808;box-shadow:inset 0 0 0 4px #d70808;border-radius:500px;\"><span class=\"el-icon fa fa-check animate-false\"><\/span><\/div><div class=\"gap et-clearfix \" style=\"height:16px\"><\/div>[vc_custom_heading text=&#8221;Seguro de Riesgo-Total&#8221; font_container=&#8221;tag:h6|font_size:18px|text_align:center|color:%23212121|line_height:32px&#8221; use_theme_fonts=&#8221;yes&#8221; css=&#8221;.vc_custom_1621483375121{margin-bottom: 8px !important;}&#8221;][\/vc_column][\/vc_row][\/vc_section][vc_row][vc_column]<div class=\"sep-wrap left   et-clearfix\" data-delay=\"0\"><div class=\"et-separator solid\" style=\"height:2px;width:100%;border-bottom-width:2px;border-bottom-style:solid;border-bottom-color:#e0e0e0;\"><\/div><\/div>[\/vc_column][\/vc_row][vc_row][vc_column]<div class=\"gap et-clearfix \" style=\"height:32px\"><\/div><h3 id=\"et-animated-title-2\" class=\"et-animated-title et-clearfix  words-direct\" data-mobile-font=\"32px\" data-tablet-font=\"inherit\" data-delay=\"100\" style=\"font-size:42px;font-weight:700;line-height:50px;color:#212121;\"><span class=\"text-wrapper\"><span class=\"text\">Formas Adicionales de Proteger su <span class=\"highlight\" style=\"color: #d70808;\">Carga<\/span><\/span><\/span><\/h3><div class=\"gap et-clearfix \" style=\"height:32px\"><\/div>[\/vc_column][\/vc_row][vc_row css=&#8221;.vc_custom_1530799793358{padding-bottom: 96px !important;}&#8221;][vc_column animation_delay=&#8221;0&#8243; css_animation=&#8221;none&#8221; over768_under_1024_padding_left=&#8221;15%&#8221; over768_under_1024_padding_right=&#8221;15%&#8221; offset=&#8221;vc_col-lg-4 vc_col-md-4 vc_col-xs-12&#8243;]<div class=\"et-image-content overlay-fade-zoom\"><div class=\"overlay-hover\"><div class=\"image post-image\"><div class=\"image-container\"><img width=\"1000\" height=\"667\" src=\"https:\/\/lozadausa.com\/wp-content\/uploads\/2021\/05\/export-boxing-and-crating.jpg\" alt=\"\"><\/div><div class=\"post-image-overlay\" style=\"background-color:rgba(0,0,0,0.75);\"><div class=\"post-image-overlay-content text-align-center\">[vc_custom_heading text=&#8221;ENCAJONAMIENTO Y CRATADO PARA EXPORTACI\u00d3N&#8221; font_container=&#8221;tag:h5|text_align:center|color:%23ffffff&#8221; use_theme_fonts=&#8221;yes&#8221; css=&#8221;.vc_custom_1620358322943{margin-bottom: 16px !important;}&#8221;][vc_column_text css=&#8221;.vc_custom_1620926997877{margin-bottom: 24px !important;}&#8221; el_class=&#8221;hide1024-1279 hide479&#8243;]<span style=\"color: #ffffff;\">Brinda la m\u00e1xima protecci\u00f3n a su carga.<\/span>[\/vc_column_text]<\/div><\/div><\/div><\/div><\/div><div class=\"gap et-clearfix \" style=\"height:32px\"><\/div>[\/vc_column][vc_column animation_delay=&#8221;0&#8243; over768_under_1024_padding_left=&#8221;15%&#8221; over768_under_1024_padding_right=&#8221;15%&#8221; offset=&#8221;vc_col-lg-4 vc_col-md-4 vc_col-xs-12&#8243;]<div class=\"et-image-content overlay-fade-zoom\"><div class=\"overlay-hover\"><div class=\"image post-image\"><div class=\"image-container\"><img width=\"1000\" height=\"667\" src=\"https:\/\/lozadausa.com\/wp-content\/uploads\/2021\/05\/plastic-wrapped-cargo-on-pallet.jpg\" alt=\"\"><\/div><div class=\"post-image-overlay\" style=\"background-color:rgba(0,0,0,0.75);\"><div class=\"post-image-overlay-content text-align-center\">[vc_custom_heading text=&#8221;PALETIZADO Y PL\u00c1STICO \/ ENVOLTURA&#8221; font_container=&#8221;tag:h5|text_align:center|color:%23ffffff&#8221; use_theme_fonts=&#8221;yes&#8221; css=&#8221;.vc_custom_1620358364581{margin-bottom: 16px !important;}&#8221;][vc_column_text css=&#8221;.vc_custom_1620927017084{margin-bottom: 24px !important;}&#8221; el_class=&#8221;hide1024-1279 hide479&#8243;]<span style=\"color: #ffffff;\">Se mantiene unido y proporciona una protecci\u00f3n ligera contra el polvo y los l\u00edquidos.<\/span>[\/vc_column_text]<\/div><\/div><\/div><\/div><\/div><div class=\"gap et-clearfix \" style=\"height:32px\"><\/div>[\/vc_column][vc_column animation_delay=&#8221;0&#8243; offset=&#8221;vc_col-lg-4 vc_col-md-4&#8243;]<div class=\"et-image-content overlay-fade-zoom\"><div class=\"overlay-hover\"><div class=\"image post-image\"><div class=\"image-container\"><img width=\"1000\" height=\"667\" src=\"https:\/\/lozadausa.com\/wp-content\/uploads\/2021\/05\/container-cargo-bracing.jpg\" alt=\"\"><\/div><div class=\"post-image-overlay\" style=\"background-color:rgba(0,0,0,0.75);\"><div class=\"post-image-overlay-content text-align-center\">[vc_custom_heading text=&#8221;BLOQUEO Y REFUERZO DE CONTENEDORES DE ENV\u00cdO&#8221; font_container=&#8221;tag:h5|text_align:center|color:%23ffffff&#8221; use_theme_fonts=&#8221;yes&#8221; css=&#8221;.vc_custom_1620358424221{margin-bottom: 16px !important;}&#8221;][vc_column_text css=&#8221;.vc_custom_1620927062940{margin-bottom: 24px !important;}&#8221; el_class=&#8221;hide1024-1279 hide479&#8243;]<span style=\"color: #ffffff;\">Asegura su carga en su lugar, distribuye el peso y refuerza la estructura del contenedor.<\/span>[\/vc_column_text]<\/div><\/div><\/div><\/div><\/div>[\/vc_column][\/vc_row]<\/p>\n","protected":false},"excerpt":{"rendered":"<p>[vc_section css=&#8221;.vc_custom_1532258169900{padding-top: 96px !important;padding-bottom: 56px !important;}&#8221; el_id=&#8221;features&#8221;][vc_row gap=&#8221;0&#8243;][vc_column animation_delay=&#8221;0&#8243; offset=&#8221;vc_col-lg-3 vc_col-md-3 vc_hidden-sm vc_hidden-xs&#8221;][\/vc_column][vc_column animation_delay=&#8221;0&#8243; offset=&#8221;vc_col-lg-6 vc_col-md-6 vc_col-xs-12&#8243; el_class=&#8221;text-align-center&#8221;][\/vc_column][vc_column animation_delay=&#8221;0&#8243; offset=&#8221;vc_col-lg-3 vc_col-md-3 vc_hidden-sm vc_hidden-xs&#8221;][\/vc_column][\/vc_row][vc_row full_width=&#8221;stretch_row&#8221; gap=&#8221;0&#8243; css=&#8221;.vc_custom_1532257834508{padding-top: 0px !important;}&#8221;][vc_column animation_delay=&#8221;0&#8243; el_class=&#8221;text-align-center&#8221;][vc_column_text] Es crucial proteger la carga mientras se transporta, no simplemente mientras se encuentra en el espacio de almacenamiento de un almac\u00e9n. Los peligros consisten en [&hellip;]<\/p>\n","protected":false},"author":1,"featured_media":0,"parent":14831,"menu_order":5,"comment_status":"closed","ping_status":"closed","template":"page-vc.php","meta":[],"_links":{"self":[{"href":"https:\/\/lozadausa.com\/es\/wp-json\/wp\/v2\/pages\/15015"}],"collection":[{"href":"https:\/\/lozadausa.com\/es\/wp-json\/wp\/v2\/pages"}],"about":[{"href":"https:\/\/lozadausa.com\/es\/wp-json\/wp\/v2\/types\/page"}],"author":[{"embeddable":true,"href":"https:\/\/lozadausa.com\/es\/wp-json\/wp\/v2\/users\/1"}],"replies":[{"embeddable":true,"href":"https:\/\/lozadausa.com\/es\/wp-json\/wp\/v2\/comments?post=15015"}],"version-history":[{"count":1,"href":"https:\/\/lozadausa.com\/es\/wp-json\/wp\/v2\/pages\/15015\/revisions"}],"predecessor-version":[{"id":15454,"href":"https:\/\/lozadausa.com\/es\/wp-json\/wp\/v2\/pages\/15015\/revisions\/15454"}],"up":[{"embeddable":true,"href":"https:\/\/lozadausa.com\/es\/wp-json\/wp\/v2\/pages\/14831"}],"wp:attachment":[{"href":"https:\/\/lozadausa.com\/es\/wp-json\/wp\/v2\/media?parent=15015"}],"curies":[{"name":"wp","href":"https:\/\/api.w.org\/{rel}","templated":true}]}}