{"id":15617,"date":"2022-02-23T20:43:07","date_gmt":"2022-02-24T00:43:07","guid":{"rendered":"https:\/\/lozadausa.com\/politica-de-privacidad\/"},"modified":"2022-02-23T22:18:39","modified_gmt":"2022-02-24T02:18:39","slug":"politica-de-privacidad","status":"publish","type":"page","link":"https:\/\/lozadausa.com\/es\/politica-de-privacidad\/","title":{"rendered":"Pol\u00edtica de Privacidad"},"content":{"rendered":"<p>[vc_row][vc_column]<h1 id=\"et-animated-title-1\" class=\"et-animated-title et-clearfix  curtain curtain-left\" data-mobile-font=\"inherit\" data-tablet-font=\"inherit\" data-delay=\"0\" style=\"font-weight:700;color:#212121;\"><span class=\"text-wrapper\"><span class=\"text\">Pol\u00edtica de Privacidad<\/span><span class=\"curtain\" style=\"background-color:#003399;\"><\/span><\/span><\/h1>[\/vc_column][\/vc_row][vc_row][vc_column][vc_column_text]Esta pol\u00edtica de privacidad ha sido compilada para servir mejor a aquellos que est\u00e1n preocupados por c\u00f3mo se usa en l\u00ednea su &#8220;Informaci\u00f3n de identificaci\u00f3n personal&#8221; (PII). PII, como se describe en la ley de privacidad y seguridad de la informaci\u00f3n de los EE. UU., Es informaci\u00f3n que se puede usar por s\u00ed misma o con otra informaci\u00f3n para identificar, contactar o localizar a una sola persona o para identificar a una persona en su contexto. Lea detenidamente nuestra pol\u00edtica de privacidad para obtener una comprensi\u00f3n clara de c\u00f3mo recopilamos, usamos, protegemos o manejamos su Informaci\u00f3n de identificaci\u00f3n personal de acuerdo con nuestro sitio web.<\/p>\n<p><strong>\u00bfQU\u00c9 INFORMACI\u00d3N PERSONAL RECOPILAMOS DE LAS PERSONAS QUE VISITAN NUESTRO SITIO WEB?<\/strong><br \/>\nAl hacer un pedido o registrarse en nuestro sitio, seg\u00fan corresponda, se le puede solicitar que ingrese su nombre, direcci\u00f3n de correo electr\u00f3nico, direcci\u00f3n postal, n\u00famero de tel\u00e9fono, informaci\u00f3n de la tarjeta de cr\u00e9dito u otros detalles para ayudarlo con su experiencia.<\/p>\n<p><strong>\u00bfCU\u00c1NDO RECOPILAMOS INFORMACI\u00d3N?<\/strong><br \/>\nRecopilamos informaci\u00f3n de usted cuando se registra en nuestro sitio, hace un pedido, se suscribe a un bolet\u00edn informativo o ingresa informaci\u00f3n en nuestro sitio.<\/p>\n<p><strong>\u00bfC\u00d3MO USAMOS SU INFORMACI\u00d3N?<\/strong><br \/>\nPodemos utilizar la informaci\u00f3n que recopilamos de usted cuando se registra, hace una compra, se registra en nuestro bolet\u00edn informativo, responde a una encuesta o comunicaci\u00f3n de marketing, navega por el sitio web o utiliza otras caracter\u00edsticas del sitio de las siguientes maneras:<\/p>\n<ul>\n<li>Para personalizar su experiencia y permitirnos ofrecer el tipo de contenido y ofertas de productos que m\u00e1s le interesan.<\/li>\n<li>Para mejorar nuestro sitio web con el fin de brindarle un mejor servicio.<\/li>\n<li>Para permitirnos brindarle un mejor servicio al responder a sus solicitudes de servicio al cliente.<\/li>\n<li>Para administrar un concurso, promoci\u00f3n, encuesta u otra caracter\u00edstica del sitio.<\/li>\n<li>Para procesar r\u00e1pidamente sus transacciones.<\/li>\n<li>Para solicitar calificaciones y revisiones de servicios o productos<\/li>\n<li>Para seguir con ellos despu\u00e9s de la correspondencia (chat en vivo, correo electr\u00f3nico o consultas telef\u00f3nicas)<\/li>\n<\/ul>\n<p><strong>\u00bfC\u00d3MO PROTEGEMOS TU INFORMACI\u00d3N?<\/strong><br \/>\nNuestro sitio web se escanea de manera peri\u00f3dica en busca de agujeros de seguridad y vulnerabilidades conocidas para que su visita a nuestro sitio sea lo m\u00e1s segura posible.<\/p>\n<p>Usamos escaneo Malware regular.<\/p>\n<p>Su informaci\u00f3n personal est\u00e1 contenida detr\u00e1s de redes seguras y solo es accesible para un n\u00famero limitado de personas que tienen derechos especiales de acceso a dichos sistemas, y se les exige que mantengan la confidencialidad de la informaci\u00f3n. Adem\u00e1s, toda la informaci\u00f3n sensible \/ crediticia que usted suministra est\u00e1 encriptada a trav\u00e9s de la tecnolog\u00eda Secure Socket Layer (SSL).<\/p>\n<p>Implementamos una variedad de medidas de seguridad cuando un usuario ingresa, env\u00eda o accede a su informaci\u00f3n para mantener la seguridad de su informaci\u00f3n personal.<\/p>\n<p>Todas las transacciones se procesan a trav\u00e9s de un proveedor de puerta de enlace y no se almacenan ni procesan en nuestros servidores.<\/p>\n<p><strong>\u00bfUSAMOS &#8216;COOKIES&#8217;?<\/strong><br \/>\nS\u00ed. Las cookies son peque\u00f1os archivos que un sitio o su proveedor de servicios transfiere al disco duro de su computadora a trav\u00e9s de su navegador web (si lo permite) que permite que los sistemas del sitio o del proveedor de servicios reconozcan su navegador y capturen y recuerden cierta informaci\u00f3n. Por ejemplo, usamos cookies para ayudarnos a recordar y procesar los art\u00edculos en su carrito de compras. Tambi\u00e9n se utilizan para ayudarnos a comprender sus preferencias en funci\u00f3n de la actividad del sitio anterior o actual, lo que nos permite brindarle mejores servicios. Tambi\u00e9n utilizamos cookies para ayudarnos a recopilar datos agregados sobre el tr\u00e1fico del sitio y la interacci\u00f3n del sitio para que podamos ofrecer mejores experiencias y herramientas del sitio en el futuro. Usamos cookies para:<\/p>\n<ul>\n<li>Ayuda a recordar y procesar los art\u00edculos en el carrito de compras.<\/li>\n<li>Comprenda y guarde las preferencias del usuario para futuras visitas.<\/li>\n<li>Mantenga un registro de los anuncios.<\/li>\n<li>Recopile datos agregados sobre el tr\u00e1fico del sitio y las interacciones del sitio para ofrecer mejores experiencias y herramientas del sitio en el futuro. Tambi\u00e9n podemos usar servicios confiables de terceros que rastrean esta informaci\u00f3n en nuestro nombre.<\/li>\n<\/ul>\n<p>Puede optar por que su computadora lo advierta cada vez que se env\u00eda una cookie, o puede optar por desactivar todas las cookies. Lo haces a trav\u00e9s de la configuraci\u00f3n de tu navegador. Como el navegador es un poco diferente, consulte el Men\u00fa de Ayuda de su navegador para conocer la forma correcta de modificar sus cookies.<\/p>\n<p><strong>SI LOS USUARIOS DESACTIVAN LAS COOKIES EN SU NAVEGADOR:<\/strong><br \/>\nSi desactiva las cookies, es posible que algunas de las funciones que hacen que su experiencia en el sitio sea m\u00e1s eficiente no funcionen correctamente. Algunas de las caracter\u00edsticas que hacen que su experiencia en el sitio sea m\u00e1s eficiente y no funcione correctamente.<\/p>\n<p><strong>REVELACI\u00d3N DE TERCEROS<\/strong><br \/>\nNo vendemos, comercializamos ni transferimos a terceros su informaci\u00f3n de identificaci\u00f3n personal a menos que proporcionemos a los usuarios una notificaci\u00f3n previa. Esto no incluye a los socios de hospedaje del sitio web y otras partes que nos ayudan a operar nuestro sitio web, dirigir nuestro negocio o servir a nuestros usuarios, siempre y cuando esas partes acuerden mantener esta informaci\u00f3n confidencial. Tambi\u00e9n podemos divulgar informaci\u00f3n cuando su divulgaci\u00f3n sea apropiada para cumplir con la ley, hacer cumplir las pol\u00edticas de nuestro sitio o proteger nuestros derechos, propiedad o seguridad.<\/p>\n<p>Sin embargo, la informaci\u00f3n de identificaci\u00f3n no personal se puede proporcionar a otras partes para mercadeo, publicidad u otros usos.<\/p>\n<p><strong>ENLACES DE TERCEROS<\/strong><br \/>\nNo incluimos ni ofrecemos productos o servicios de terceros en nuestro sitio web.<\/p>\n<p><strong>GOOGLE<\/strong><br \/>\nLos requisitos de publicidad de Google se pueden resumir en los Principios de publicidad de Google. Se ponen en marcha para proporcionar una experiencia positiva para los usuarios. https:\/\/support.google.com\/adwordspolicy\/answer\/1316548?hl=en<\/p>\n<p>No hemos habilitado Google AdSense en nuestro sitio, pero podemos hacerlo en el futuro.<\/p>\n<p><strong>LEY DE PROTECCI\u00d3N DE PRIVACIDAD EN L\u00cdNEA DE CALIFORNIA<\/strong><br \/>\nCalOPPA es la primera ley estatal de la naci\u00f3n que exige que los sitios web comerciales y los servicios en l\u00ednea publiquen una pol\u00edtica de privacidad. El alcance de la ley se extiende mucho m\u00e1s all\u00e1 de California para exigir a cualquier persona o compa\u00f1\u00eda en los Estados Unidos (y posiblemente el mundo) que opere sitios web que recopile informaci\u00f3n personal identificable de consumidores de California que publique una pol\u00edtica de privacidad conspicua en su sitio web que indique exactamente la informaci\u00f3n que se recopila y aquellos individuos o empresas con quienes se comparte. &#8211; Ver m\u00e1s en: http:\/\/consumercal.org\/california-online-privacy-protection-act-caloppa\/#sthash.0FdRbT51.dpuf<\/p>\n<p><strong>DE ACUERDO CON CALOPPA, ACEPTAMOS LO SIGUIENTE:<\/strong><br \/>\nLos usuarios pueden visitar nuestro sitio de forma an\u00f3nima.<\/p>\n<p>Una vez que se haya creado esta pol\u00edtica de privacidad, agregaremos un enlace a ella en nuestra p\u00e1gina de inicio o, como m\u00ednimo, en la primera p\u00e1gina importante despu\u00e9s de ingresar a nuestro sitio web.<\/p>\n<p>Nuestro enlace de Pol\u00edtica de privacidad incluye la palabra &#8216;Privacidad&#8217; y se puede encontrar f\u00e1cilmente en la p\u00e1gina especificada anteriormente.<\/p>\n<p>Se le notificar\u00e1 cualquier cambio en la pol\u00edtica de privacidad:<\/p>\n<ul>\n<li>En nuestra p\u00e1gina de pol\u00edtica de privacidad<\/li>\n<\/ul>\n<p>Puede cambiar su informaci\u00f3n personal:<\/p>\n<ul>\n<li>Al iniciar sesi\u00f3n en su cuenta<\/li>\n<\/ul>\n<p><strong>\u00bfC\u00d3MO MANEJA NUESTRO SITIO LAS SE\u00d1ALES DE NO RASTREAR?<\/strong><br \/>\nRespetamos las se\u00f1ales de No rastrear y No rastrear, plantamos cookies o usamos publicidad cuando un mecanismo de navegador No rastrear (DNT) est\u00e1 en su lugar.<\/p>\n<p><strong>\u00bfNUESTRO SITIO PERMITE EL SEGUIMIENTO DE COMPORTAMIENTO DE TERCEROS?<\/strong><br \/>\nTambi\u00e9n es importante tener en cuenta que no permitimos el seguimiento del comportamiento de terceros<\/p>\n<p><strong>COPPA (CHILDREN ONLINE PRIVACY PROTECTION ACT)<\/strong><br \/>\nCuando se trata de la recopilaci\u00f3n de informaci\u00f3n personal de ni\u00f1os menores de 13 a\u00f1os, la Ley de Protecci\u00f3n de la Privacidad en L\u00ednea de los Ni\u00f1os (COPPA) pone a los padres en control. La Comisi\u00f3n Federal de Comercio, la agencia de protecci\u00f3n del consumidor de los Estados Unidos, aplica la Regla COPPA, que detalla lo que los operadores de sitios web y servicios en l\u00ednea deben hacer para proteger la privacidad y seguridad de los ni\u00f1os en l\u00ednea.<\/p>\n<p>No comercializamos espec\u00edficamente a ni\u00f1os menores de 13 a\u00f1os.<\/p>\n<p><strong>PR\u00c1CTICAS JUSTAS DE INFORMACI\u00d3N<\/strong><br \/>\nLos Principios de pr\u00e1cticas justas de informaci\u00f3n forman la columna vertebral de la ley de privacidad en los Estados Unidos y los conceptos que incluyen han jugado un papel importante en el desarrollo de las leyes de protecci\u00f3n de datos en todo el mundo. Comprender los Principios Pr\u00e1cticos de Informaci\u00f3n Justa y c\u00f3mo deben implementarse es fundamental para cumplir con las diversas leyes de privacidad que protegen la informaci\u00f3n personal.<\/p>\n<p><strong>PARA ESTAR EN L\u00cdNEA CON LAS PR\u00c1CTICAS DE INFORMACI\u00d3N JUSTAS, TOMAREMOS LA SIGUIENTE MEDIDA DE RESPUESTA, EN CASO DE QUE SE PRODUZCA UNA VIOLACI\u00d3N DE DATOS:<\/strong><br \/>\nLe notificaremos por correo electr\u00f3nico<\/p>\n<ul>\n<li>Dentro de 7 d\u00edas h\u00e1biles<\/li>\n<\/ul>\n<p>Notificaremos a los usuarios a trav\u00e9s de la notificaci\u00f3n en el sitio<\/p>\n<ul>\n<li>Dentro de 7 d\u00edas h\u00e1biles<\/li>\n<\/ul>\n<p>Tambi\u00e9n aceptamos el Principio de Reparaci\u00f3n Individual que exige que las personas tengan derecho a buscar legalmente derechos exigibles contra los recolectores de datos y procesadores que no cumplan con la ley. Este principio requiere no solo que los individuos tengan derechos exigibles contra los usuarios de los datos, sino tambi\u00e9n que los individuos recurran a los tribunales o agencias gubernamentales para investigar y \/ o enjuiciar el incumplimiento por parte de los procesadores de datos.<\/p>\n<p><strong>CAN SPAM ACT<\/strong><br \/>\nLa ley CAN-SPAM es una ley que establece las reglas para el correo electr\u00f3nico comercial, establece los requisitos para los mensajes comerciales, otorga a los destinatarios el derecho a que se les detenga el env\u00edo de mensajes de correo electr\u00f3nico y detalla penas severas para las infracciones.<\/p>\n<p><strong>RECOPILAMOS SU DIRECCI\u00d3N DE CORREO ELECTR\u00d3NICO PARA:<\/strong><\/p>\n<ul>\n<li>Enviar informaci\u00f3n, responder a consultas y \/ u otras solicitudes o preguntas<\/li>\n<li>Procesar pedidos y enviar informaci\u00f3n y actualizaciones relacionadas con los pedidos.<\/li>\n<li>Enviarle informaci\u00f3n adicional relacionada con su producto y \/ o servicio<\/li>\n<li>Comercialice a nuestra lista de correo o contin\u00fae enviando correos electr\u00f3nicos a nuestros clientes despu\u00e9s de que se haya producido la transacci\u00f3n original.<\/li>\n<\/ul>\n<p><strong>PARA ESTAR DE ACUERDO CON CANSPAM, ACEPTAMOS LO SIGUIENTE:<\/strong><\/p>\n<ul>\n<li>No utilizar temas o direcciones de correo electr\u00f3nico falsos o enga\u00f1osos.<\/li>\n<li>Identifique el mensaje como un anuncio de alguna manera razonable.<\/li>\n<li>Incluya la direcci\u00f3n f\u00edsica de nuestra empresa o sede del sitio.<\/li>\n<li>Supervise los servicios de marketing por correo electr\u00f3nico de terceros para verificar el cumplimiento, si se utiliza alguno.<\/li>\n<li>Honre las solicitudes de cancelaci\u00f3n \/ cancelaci\u00f3n de suscripci\u00f3n r\u00e1pidamente.<\/li>\n<li>Permita que los usuarios cancelen la suscripci\u00f3n utilizando el enlace al pie de cada correo electr\u00f3nico.<\/li>\n<\/ul>\n<p><strong>SI EN CUALQUIER MOMENTO DESEA DARSE DE BAJA DE RECIBIR CORREOS ELECTR\u00d3NICOS FUTUROS, PUEDE ENVIARNOS UN CORREO ELECTR\u00d3NICO A<\/strong><br \/>\nSiga las instrucciones en la parte de abajo de cada correo electr\u00f3nicoy lo eliminaremos de inmediato deTODA correspondencia.<\/p>\n<p><strong>COMO CONTACTARNOS<\/strong><br \/>\nSi tiene alguna pregunta sobre esta pol\u00edtica de privacidad, puede comunicarse con nosotros utilizando la informaci\u00f3n a continuaci\u00f3n.<\/p>\n<p>LozadaUSA.com<\/p>\n<p>Lozada Transportation Services<br \/>\n4711 Backclick Rd<br \/>\nAnnandale VA, 22003<br \/>\nUnited States[\/vc_column_text][\/vc_column][\/vc_row]<\/p>\n","protected":false},"excerpt":{"rendered":"<p>[vc_row][vc_column][\/vc_column][\/vc_row][vc_row][vc_column][vc_column_text]Esta pol\u00edtica de privacidad ha sido compilada para servir mejor a aquellos que est\u00e1n preocupados por c\u00f3mo se usa en l\u00ednea su &#8220;Informaci\u00f3n de identificaci\u00f3n personal&#8221; (PII). PII, como se describe en la ley de privacidad y seguridad de la informaci\u00f3n de los EE. UU., Es informaci\u00f3n que se puede usar por s\u00ed misma o [&hellip;]<\/p>\n","protected":false},"author":1,"featured_media":0,"parent":0,"menu_order":14,"comment_status":"closed","ping_status":"closed","template":"page-vc.php","meta":[],"_links":{"self":[{"href":"https:\/\/lozadausa.com\/es\/wp-json\/wp\/v2\/pages\/15617"}],"collection":[{"href":"https:\/\/lozadausa.com\/es\/wp-json\/wp\/v2\/pages"}],"about":[{"href":"https:\/\/lozadausa.com\/es\/wp-json\/wp\/v2\/types\/page"}],"author":[{"embeddable":true,"href":"https:\/\/lozadausa.com\/es\/wp-json\/wp\/v2\/users\/1"}],"replies":[{"embeddable":true,"href":"https:\/\/lozadausa.com\/es\/wp-json\/wp\/v2\/comments?post=15617"}],"version-history":[{"count":2,"href":"https:\/\/lozadausa.com\/es\/wp-json\/wp\/v2\/pages\/15617\/revisions"}],"predecessor-version":[{"id":15619,"href":"https:\/\/lozadausa.com\/es\/wp-json\/wp\/v2\/pages\/15617\/revisions\/15619"}],"wp:attachment":[{"href":"https:\/\/lozadausa.com\/es\/wp-json\/wp\/v2\/media?parent=15617"}],"curies":[{"name":"wp","href":"https:\/\/api.w.org\/{rel}","templated":true}]}}