{"id":15621,"date":"2022-02-23T20:56:38","date_gmt":"2022-02-24T00:56:38","guid":{"rendered":"https:\/\/lozadausa.com\/terminos-de-uso\/"},"modified":"2022-03-02T14:19:49","modified_gmt":"2022-03-02T18:19:49","slug":"terminos-de-uso","status":"publish","type":"page","link":"https:\/\/lozadausa.com\/es\/terminos-de-uso\/","title":{"rendered":"T\u00e9rminos de Uso."},"content":{"rendered":"<p>[vc_row][vc_column]<h1 id=\"et-animated-title-1\" class=\"et-animated-title et-clearfix  curtain curtain-left\" data-mobile-font=\"inherit\" data-tablet-font=\"inherit\" data-delay=\"0\" style=\"font-weight:700;color:#212121;\"><span class=\"text-wrapper\"><span class=\"text\">T\u00e9rminos de Uso.<\/span><span class=\"curtain\" style=\"background-color:#003399;\"><\/span><\/span><\/h1>[\/vc_column][\/vc_row][vc_row][vc_column][vc_column_text]Este sitio web (en lo sucesivo, &#8220;sitio web de LTS&#8221;) es operado por Lozada Transportation Services (en lo sucesivo, &#8220;LTS o &#8220;nosotros&#8221;). LTS est\u00e1 registrado en Virginia, EE. UU. y est\u00e1 ubicado en 4711 Backlick Road Annandale VA, 22003.<\/p>\n<p>Antes de utilizar el sitio web de LTS, lea detenidamente estos T\u00e9rminos de uso. Usted acepta estar sujeto a estos T\u00e9rminos de uso cuando accede al sitio web de LTS. No puede usar el sitio web de LTS si no est\u00e1 de acuerdo con estos T\u00e9rminos de uso.<\/p>\n<p><strong>Acceda al sitio web de LTS<\/strong><br \/>\nSin previo aviso, nos reservamos el derecho de suspender, cancelar o restringir su acceso al sitio web de LTS. Tambi\u00e9n nos reservamos el derecho de suspender o modificar cualquiera o todos los servicios ofrecidos en el sitio web de LTS. Si el sitio web de LTS deja de funcionar por alg\u00fan motivo, no seremos responsables.<\/p>\n<p>No podemos garantizar la seguridad del sitio web de LTS. Se recomienda encarecidamente que los usuarios tomen precauciones actualizadas, incluido el antivirus y otro software malicioso.<\/p>\n<p><strong>Usos prohibidos<\/strong><br \/>\nLos usos prohibidos incluyen pero no se limitan a:<\/p>\n<ul>\n<li>Cualquier acto que se considere una violaci\u00f3n de cualquier ley y\/o regulaci\u00f3n local, nacional o internacional aplicable.<\/li>\n<li>Transmitir datos a sabiendas o enviar o cargar material que contenga virus u otros programas da\u00f1inos u odos inform\u00e1ticos dise\u00f1ados para afectar negativamente el funcionamiento o el software y el hardware de las computadoras.<\/li>\n<li>Acceder sin autorizaci\u00f3n, causar da\u00f1o o interrupci\u00f3n:\n<ul style=\"list-style-type: disc; margin-left: 2.5em; list-style-position: outside;\">\n<li>Cualquier parte del sitio web de LTS;<\/li>\n<li>Cualquier equipo o red donde se almacene el sitio web de LTS.<\/li>\n<li>Cualquier software que se utilice en el aprovisionamiento del sitio web de LTS<\/li>\n<li>Cualquier equipo, red o software que sea propiedad de un tercero o que se use para \u00e9l.<\/li>\n<\/ul>\n<\/li>\n<\/ul>\n<p><strong>Limitaci\u00f3n de responsabilidad<\/strong><br \/>\nLTS o cualquiera de sus directores, agentes o empleados no ser\u00e1n responsables de ning\u00fan da\u00f1o, costo o p\u00e9rdida directos, incidentales o consecuentes que surjan de:<\/p>\n<ul>\n<li>Acceso, uso, imposibilidad o modificaci\u00f3n de contenidos en el sitio web de LTS<\/li>\n<li>Confiar en cualquier informaci\u00f3n o material en el sitio web de LTS<\/li>\n<li>Virus inform\u00e1ticos que podr\u00edan afectar su equipo inform\u00e1tico y otra propiedad debido a su acceso, uso o descarga de cualquier material del sitio web de LTS.<\/li>\n<\/ul>\n<p>LTS, sus empleados, directores o agentes, y cualquier persona que act\u00fae en nombre del usuario, no ser\u00e1n responsables de ning\u00fan reclamo o serie de reclamos relacionados que surjan de los T\u00e9rminos de uso o los servicios o el contenido del sitio web de LTS.<\/p>\n<p><strong>Derechos de propiedad intelectual<\/strong><br \/>\nTodos los derechos, t\u00edtulos e intereses (incluidos los derechos de autor y las marcas registradas, las patentes y cualquier otro derecho de propiedad intelectual u otro derecho) en la informaci\u00f3n y el contenido (incluidos el texto, los datos y las im\u00e1genes, los gr\u00e1ficos, los logotipos y el texto) en el sitio de LTS son conservados por nosotros. o el propietario de terceros aplicable. No debe descargar, reproducir ni transmitir ninguna informaci\u00f3n o contenido del sitio web de LTS con fines comerciales o a menos que haya recibido un permiso previo por escrito de LTS.<\/p>\n<p>Estos T\u00e9rminos de uso no pretenden transferir ning\u00fan derecho, t\u00edtulo o inter\u00e9s en el sitio web de LTS y su contenido a usted ni a ninguna otra persona.<\/p>\n<p><strong>Condiciones de uso del sitio web de LTS<\/strong><br \/>\nEstos T\u00e9rminos de uso no afectan ni constituyen ning\u00fan contrato de transporte con LTS o cualquiera de sus agentes.<\/p>\n<p>Se pueden aplicar t\u00e9rminos y condiciones adicionales a ciertas p\u00e1ginas web o secciones del sitio web de LTS.<\/p>\n<p><strong>Otros sitios web pueden estar vinculados<\/strong><br \/>\nEn el sitio web de LTS se pueden encontrar enlaces a sitios web pertenecientes a terceros. No tenemos la capacidad de evaluar o revisar estos sitios web y no podemos garantizar la calidad de sus productos. No somos responsables de ninguna acci\u00f3n, producto o contenido en estos sitios web. Debe leer las pol\u00edticas y los t\u00e9rminos de cualquier sitio web de terceros antes de usarlo.<\/p>\n<p><strong>Jurisdicci\u00f3n y Ley Aplicable<\/strong><br \/>\nLos contenidos del sitio web de LTS est\u00e1n sujetos a la ley de los Estados Unidos y se interpretar\u00e1n en consecuencia. Cualquier disputa que pueda surgir de o en relaci\u00f3n con los contenidos del sitio web de LTS o el uso o mal uso de la informaci\u00f3n o los materiales en el sitio web ser\u00e1 competencia exclusiva del Sistema Judicial de Virginia. Sin embargo, LTS puede, a su discreci\u00f3n, perseguir a cualquier usuario que viole estos T\u00e9rminos de uso en cualquier pa\u00eds que LTS considere apropiado seg\u00fan las circunstancias.<\/p>\n<p><strong>Modificaciones a los T\u00e9rminos y Condiciones<\/strong><br \/>\nEsta p\u00e1gina se puede actualizar para reflejar cualquier cambio en los T\u00e9rminos de uso del sitio web de LTS. Dado que son legalmente vinculantes, se espera que consulte peri\u00f3dicamente esta p\u00e1gina. Los T\u00e9rminos de uso publicados en el sitio web de LTS se mantienen actualizados.<\/p>\n<p><strong>General<\/strong><br \/>\nEstos T\u00e9rminos de uso reemplazan todos los acuerdos, comunicaciones, representaciones y discusiones anteriores entre las partes con respecto al sitio web. Las partes no podr\u00e1n emprender acciones legales en LTS en base a ning\u00fan acuerdo, comunicaci\u00f3n o representaci\u00f3n anterior con respecto al sitio web.[\/vc_column_text][\/vc_column][\/vc_row]<\/p>\n","protected":false},"excerpt":{"rendered":"<p>[vc_row][vc_column][\/vc_column][\/vc_row][vc_row][vc_column][vc_column_text]Este sitio web (en lo sucesivo, &#8220;sitio web de LTS&#8221;) es operado por Lozada Transportation Services (en lo sucesivo, &#8220;LTS o &#8220;nosotros&#8221;). LTS est\u00e1 registrado en Virginia, EE. UU. y est\u00e1 ubicado en 4711 Backlick Road Annandale VA, 22003. Antes de utilizar el sitio web de LTS, lea detenidamente estos T\u00e9rminos de uso. Usted acepta [&hellip;]<\/p>\n","protected":false},"author":1,"featured_media":0,"parent":0,"menu_order":13,"comment_status":"closed","ping_status":"closed","template":"page-vc.php","meta":[],"_links":{"self":[{"href":"https:\/\/lozadausa.com\/es\/wp-json\/wp\/v2\/pages\/15621"}],"collection":[{"href":"https:\/\/lozadausa.com\/es\/wp-json\/wp\/v2\/pages"}],"about":[{"href":"https:\/\/lozadausa.com\/es\/wp-json\/wp\/v2\/types\/page"}],"author":[{"embeddable":true,"href":"https:\/\/lozadausa.com\/es\/wp-json\/wp\/v2\/users\/1"}],"replies":[{"embeddable":true,"href":"https:\/\/lozadausa.com\/es\/wp-json\/wp\/v2\/comments?post=15621"}],"version-history":[{"count":3,"href":"https:\/\/lozadausa.com\/es\/wp-json\/wp\/v2\/pages\/15621\/revisions"}],"predecessor-version":[{"id":15646,"href":"https:\/\/lozadausa.com\/es\/wp-json\/wp\/v2\/pages\/15621\/revisions\/15646"}],"wp:attachment":[{"href":"https:\/\/lozadausa.com\/es\/wp-json\/wp\/v2\/media?parent=15621"}],"curies":[{"name":"wp","href":"https:\/\/api.w.org\/{rel}","templated":true}]}}