{"id":16221,"date":"2022-04-22T14:50:04","date_gmt":"2022-04-22T18:50:04","guid":{"rendered":"https:\/\/lozadausa.com\/requisitos-para-exportadores-de-ee-uu\/"},"modified":"2022-04-22T14:50:05","modified_gmt":"2022-04-22T18:50:05","slug":"requisitos-para-exportadores-de-ee-uu","status":"publish","type":"page","link":"https:\/\/lozadausa.com\/es\/requisitos-para-exportadores-de-ee-uu\/","title":{"rendered":"Requisitos para Exportadores de EE. UU."},"content":{"rendered":"<p>[vc_section][vc_row][vc_column][vc_column_text]<\/p>\n<h1 role=\"heading\">Documentos de Exportaci\u00f3n Comunes<\/h1>\n<p class=\"p1\"><span class=\"s1\">Hay ciertos documentos que necesitar\u00e1 para exportar sus productos si desea venderlos o enviarlos fuera de los Estados Unidos. El mejor lugar para comenzar es con su importador extranjero o agente de carga para averiguar qu\u00e9 documentos se requieren para el env\u00edo de exportaci\u00f3n. Puede ayudar a su consignatario a despachar sus mercanc\u00edas r\u00e1pidamente en la aduana del pa\u00eds de destino obteniendo la informaci\u00f3n correcta.<\/span><\/p>\n<h4 role=\"heading\"><strong>Documentos de Exportaci\u00f3n de uso Com\u00fan <\/strong><\/h4>\n<p><a href=\"https:\/\/www.trade.gov\/pro-forma-invoice\"><strong>Factura de Proforma <\/strong><\/a><\/p>\n<p class=\"p1\"><span class=\"s1\">Las facturas pro forma son un documento importante que se puede utilizar para negociar con el comprador y el vendedor antes de un env\u00edo de exportaci\u00f3n. <\/span><span class=\"s2\">El vendedor debe usar este documento para proporcionar una cotizaci\u00f3n al comienzo de una transacci\u00f3n de exportaci\u00f3n. Se convertir\u00e1 en la factura comercial final cuando las mercanc\u00edas hayan despachado la aduana en el pa\u00eds importador.<\/span><span class=\"s1\"> Este documento incluye una descripci\u00f3n de los bienes (por ejemplo, precio, peso y otras especificaciones), as\u00ed como una declaraci\u00f3n del vendedor de que los productos o servicios se proporcionar\u00e1n al comprador en la fecha y el precio acordados.<\/span><\/p>\n<p><strong><a href=\"https:\/\/www.trade.gov\/commercial-invoice\">Factura Comercial<\/a><\/strong><\/p>\n<p class=\"p1\"><span class=\"s1\">Una factura comercial es un documento legal que es firmado por el exportador y el comprador (en nuestro caso el comprador extranjero). Indica claramente los bienes vendidos y el monto a pagar. Las aduanas utilizan la factura comercial para determinar los derechos de aduana. Una factura comercial es una factura de que los bienes se compran al vendedor. Los gobiernos suelen utilizar estos documentos para calcular el valor real de las mercanc\u00edas con el fin de evaluar los derechos de aduana. Para controlar las importaciones, los gobiernos suelen utilizar facturas comerciales para especificar la forma, el contenido, el n\u00famero y el idioma de las facturas, as\u00ed como otras caracter\u00edsticas.<\/span><\/p>\n<p><a href=\"https:\/\/www.trade.gov\/packing-list\"><strong>Lista de Empaque <\/strong><\/a><\/p>\n<p class=\"p1\"><span class=\"s1\">Una lista de empaque de exportaci\u00f3n es m\u00e1s detallada que una lista de empaque nacional. Enumera el vendedor, el comprador y el remitente junto con la fecha de env\u00edo y el modo de transporte. La cantidad detallada, descripci\u00f3n y tipo de paquete (por ejemplo, caja, tambor o cart\u00f3n), peso total neto y bruto en kilogramos, marcas y dimensiones del paquete. Tanto los transitarios como los papeleros comerciales pueden utilizar formularios de lista de empaque. Una lista de embalaje se puede utilizar como un documento de conformidad. Una lista de empaque no pretende reemplazar una factura comercial. La lista de empaque puede ser utilizada por funcionarios de aduanas de EE. UU. o extranjeros para inspeccionar la carga. Por lo tanto, la factura comercial debe reflejar la informaci\u00f3n de las listas de empaque.<\/span><\/p>\n<h4 role=\"heading\"><strong>Documentos de Transporte <\/strong><\/h4>\n<p>Gu\u00eda A\u00e9rea<\/p>\n<p class=\"p1\"><span class=\"s1\">Los env\u00edos de carga a\u00e9rea requieren facturas de v\u00eda a\u00e9rea. Una compa\u00f1\u00eda a\u00e9rea internacional enviar\u00e1 una carta de porte a\u00e9reo para acompa\u00f1ar las mercanc\u00edas. Este documento contiene informaci\u00f3n detallada sobre el env\u00edo y permite su seguimiento. Las gu\u00edas a\u00e9reas son espec\u00edficas para el remitente y no pueden ser negociables (a diferencia de las facturas de &#8220;pedido&#8221; o de embarque que se utilizan para los env\u00edos por barco).<\/span><\/p>\n<p>Gu\u00eda de Carga<\/p>\n<p class=\"p1\"><span class=\"s1\">Al igual que con los env\u00edos nacionales, un conocimiento de embarque es un acuerdo entre el transportista y el propietario de las mercanc\u00edas. Hay dos tipos de conocimientos de embarque para el transporte mar\u00edtimo: el conocimiento de embarque directo, que no es negociable, y el conocimiento de embarque negociable o del remitente. Estos pueden usarse para comprar, vender o intercambiar bienes durante el tr\u00e1nsito. Para tomar posesi\u00f3n de las mercanc\u00edas de un transportista mar\u00edtimo, el cliente normalmente necesitar\u00e1 un conocimiento de embarque original.<\/span><\/p>\n<h4 role=\"heading\"><strong>Documentos de Cumplimiento de Exportaciones <\/strong><\/h4>\n<p class=\"p1\"><span class=\"s1\">La presentaci\u00f3n electr\u00f3nica de informaci\u00f3n de exportaci\u00f3n es el equivalente electr\u00f3nico de los datos de exportaci\u00f3n que se archivaron previamente en el Sistema de exportaci\u00f3n automatizado. Este es el equivalente electr\u00f3nico a la informaci\u00f3n de la Declaraci\u00f3n de exportaci\u00f3n del remitente (SED). La EEI debe presentarse electr\u00f3nicamente en l\u00ednea a trav\u00e9s del Sistema de Exportaci\u00f3n Automatizado en l\u00ednea. Este es un servicio gratuito proporcionado por Censos y Aduanas. Esto es necesario para todos los env\u00edos que excedan los $2500* en valor total o env\u00edos que requieran una licencia de exportaci\u00f3n.<\/span><\/p>\n<p>Esta excelente gu\u00eda lo ayudar\u00e1 a archivar informaci\u00f3n de exportaci\u00f3n electr\u00f3nica en el Ambiente de Comercio Automatizado. Visita <a href=\"https:\/\/www.trade.gov\/filing-your-export-shipments-through-automated-export-system-aes\" target=\"_blank\" rel=\"noopener noreferrer\">EEI and AESDirect<\/a>. Inicie sesi\u00f3n en el portal de la <a href=\"https:\/\/ace.cbp.dhs.gov\/\" target=\"_blank\" rel=\"noopener\">Oficina de Aduanas y Protecci\u00f3n Fronteriza de EE. UU.<\/a> para registrarse e iniciar sesi\u00f3n directamente en el sistema ACE.<\/p>\n<p>*Aviso: Los env\u00edos a Puerto Rico, las Islas V\u00edrgenes de EE. UU. y los antiguos Territorios en Fideicomiso del Pac\u00edfico requieren una EEI (a menos que cada art\u00edculo del &#8220;Anexo A&#8221; cueste menos de $2,500). Estos art\u00edculos no se consideran exportaciones. A menos que se requiera una licencia de exportaci\u00f3n, los env\u00edos a Canad\u00e1 no requieren una EEI. Se requiere una EEI para todos los env\u00edos a terceros pa\u00edses que pasen por Canad\u00e1.<\/p>\n<p><a class=\"ext\" href=\"https:\/\/www.ncbfaa.org\/userfiles\/file\/USPPIExportResponsibilityInfoSheet1_0.pdf\" target=\"_blank\" rel=\"noopener\" data-extlink=\"\">Parte principal de inter\u00e9s de EE. UU. (USPPI)<\/a><\/p>\n<p class=\"p1\"><span class=\"s1\">El USPPI es un campo obligatorio en la EEI de acuerdo con las Regulaciones de Comercio Exterior (&#8220;FTR&#8221;) y el USPPI es el ciudadano estadounidense que recibe el beneficio principal, monetario o de otro tipo, de la transacci\u00f3n de exportaci\u00f3n. Este art\u00edculo describe las responsabilidades de la USPPI y proporciona una lista de verificaci\u00f3n para el cumplimiento de las reglamentaciones de exportaci\u00f3n de EE. UU.<\/span><\/p>\n<h4><strong>Licencias de Exportaci\u00f3n <\/strong><\/h4>\n<p class=\"p1\"><span class=\"s1\">Las licencias de exportaci\u00f3n son documentos gubernamentales que permiten la exportaci\u00f3n de ciertos bienes a un destino espec\u00edfico. El documento puede ser requerido para todas o algunas exportaciones a determinados pa\u00edses, o s\u00f3lo en circunstancias excepcionales. La <a href=\"https:\/\/www.bis.doc.gov\/index.php\/licensing\/simplified-network-application-process-redesign-snap-r\" target=\"_blank\" rel=\"noopener noreferrer\">Oficina de Industria y Seguridad del Departamento de Comercio de EE. UU.<\/a> (art\u00edculos de doble uso), la <a href=\"https:\/\/www.pmddtc.state.gov\/ddtc_public?id=ddtc_kb_article_page&amp;sys_id=d0ea875edbb4130044f9ff621f9619f7\" target=\"_blank\" rel=\"noopener noreferrer\">Direcci\u00f3n de Controles Comerciales de Defensa del Departamento de Estado<\/a> (art\u00edculos de defensa), la <a href=\"http:\/\/www.nrc.gov\/reactors\/operating\/licensing\/renewal.html\" target=\"_blank\" rel=\"noopener noreferrer\">Comisi\u00f3n Reguladora Nuclear<\/a> (material nuclear) y la <a href=\"https:\/\/www.deadiversion.usdoj.gov\/imp_exp\/index.html\" target=\"_blank\" rel=\"noopener noreferrer\">Administraci\u00f3n de Control de Drogas de EE. UU.<\/a> (sustancias controladas y precursores qu\u00edmicos) son todos ejemplos de organismos gubernamentales que emiten certificados de licencia de exportaci\u00f3n.<\/span><\/p>\n<h4><strong>Declaraci\u00f3n de Control de Destino<\/strong><\/h4>\n<p class=\"p1\"><span class=\"s1\">Para las exportaciones desde los Estados Unidos de art\u00edculos en la Lista de Control de Comercio (productos que no requieren licencia o est\u00e1n controlados por las Regulaciones de Tr\u00e1fico Internacional de Armas), se requiere una <a href=\"https:\/\/www.bis.doc.gov\/index.php\/documents\/regulation-docs\/426-part-758-export-clearance-requirements\/file\" target=\"_blank\" rel=\"noopener noreferrer\">Declaraci\u00f3n de Control de Destino<\/a> (DCS). Este DCS se encuentra en la parte 758.6 de las Regulaciones de Administraci\u00f3n de Exportaciones BIS o EAR. Para notificar a las partes extranjeras y al transportista que un art\u00edculo solo se puede exportar a ciertos destinos, se requiere un DCS en la factura comercial, conocimiento de embarque mar\u00edtimo o gu\u00eda a\u00e9rea. Visite el sitio web de la <a href=\"https:\/\/www.bis.doc.gov\/\" target=\"_blank\" rel=\"noopener\">Oficina de Industria y Seguridad<\/a> para obtener m\u00e1s informaci\u00f3n.<\/span><\/p>\n<p><strong>Nota:<\/strong><\/p>\n<p class=\"p1\"><span class=\"s1\">Es posible que deba proporcionar documentaci\u00f3n de exportaci\u00f3n adicional seg\u00fan el tipo de producto, la naturaleza de la transacci\u00f3n y el pa\u00eds de destino. Es posible que deba presentar documentaci\u00f3n adicional, como un FTA o un certificado de origen gen\u00e9rico, un cuaderno ATA o una carta de cr\u00e9dito. Para obtener m\u00e1s informaci\u00f3n, consulte <a href=\"https:\/\/www.trade.gov\/special-documents\">Documentos especiales utilizados en transacciones de exportaci\u00f3n<\/a>.<\/span><\/p>\n<p class=\"p1\"><span class=\"s1\">Visite las <a href=\"https:\/\/www.trade.gov\/ccg-landing-page\">Gu\u00edas comerciales de pa\u00edses<\/a>, que fueron preparadas por las embajadas de EE. UU. en el extranjero. Cada gu\u00eda tiene cap\u00edtulos que explican c\u00f3mo hacer negocios en un pa\u00eds espec\u00edfico. Los cap\u00edtulos incluyen &#8220;Venta de bienes y servicios estadounidenses&#8221; y &#8220;Regulaciones y est\u00e1ndares aduaneros&#8221;, que destacan la documentaci\u00f3n y los requisitos para un pa\u00eds. <\/span><\/p>\n<p>[\/vc_column_text][\/vc_column][\/vc_row][\/vc_section]<\/p>\n","protected":false},"excerpt":{"rendered":"<p>[vc_section][vc_row][vc_column][vc_column_text] Documentos de Exportaci\u00f3n Comunes Hay ciertos documentos que necesitar\u00e1 para exportar sus productos si desea venderlos o enviarlos fuera de los Estados Unidos. El mejor lugar para comenzar es con su importador extranjero o agente de carga para averiguar qu\u00e9 documentos se requieren para el env\u00edo de exportaci\u00f3n. Puede ayudar a su consignatario a [&hellip;]<\/p>\n","protected":false},"author":1,"featured_media":0,"parent":0,"menu_order":17,"comment_status":"closed","ping_status":"closed","template":"page-vc.php","meta":[],"_links":{"self":[{"href":"https:\/\/lozadausa.com\/es\/wp-json\/wp\/v2\/pages\/16221"}],"collection":[{"href":"https:\/\/lozadausa.com\/es\/wp-json\/wp\/v2\/pages"}],"about":[{"href":"https:\/\/lozadausa.com\/es\/wp-json\/wp\/v2\/types\/page"}],"author":[{"embeddable":true,"href":"https:\/\/lozadausa.com\/es\/wp-json\/wp\/v2\/users\/1"}],"replies":[{"embeddable":true,"href":"https:\/\/lozadausa.com\/es\/wp-json\/wp\/v2\/comments?post=16221"}],"version-history":[{"count":3,"href":"https:\/\/lozadausa.com\/es\/wp-json\/wp\/v2\/pages\/16221\/revisions"}],"predecessor-version":[{"id":16224,"href":"https:\/\/lozadausa.com\/es\/wp-json\/wp\/v2\/pages\/16221\/revisions\/16224"}],"wp:attachment":[{"href":"https:\/\/lozadausa.com\/es\/wp-json\/wp\/v2\/media?parent=16221"}],"curies":[{"name":"wp","href":"https:\/\/api.w.org\/{rel}","templated":true}]}}